{"id":9,"date":"2017-05-19T13:44:35","date_gmt":"2017-05-19T13:44:35","guid":{"rendered":"https:\/\/www.clinicadentalmurtra.com\/?page_id=9"},"modified":"2025-12-11T09:47:33","modified_gmt":"2025-12-11T09:47:33","slug":"home","status":"publish","type":"page","link":"https:\/\/www.murtradental.com\/en\/","title":{"rendered":"Home"},"content":{"rendered":"<img decoding=\"async\" loading='false' src=\"https:\/\/www.murtradental.com\/wp-content\/uploads\/2018\/05\/Odontologia-integral-Clinica-Dental-Murtra.jpg\" alt=\"Odontologia-integral-Clinica-Dental-Murtra\" \/>\t\t\t\n\t\t\t\t<h2>A comprehensive dentistry team offering personalized, tailor-made care.<\/h2>\n\t\t\t<a href=\"https:\/\/www.murtradental.com\/en\/equipo\/\" target=\"_self\">\n\t\t\t\t\t\t\tMEET THE TEAM\n\t\t\t\t\t<\/a>\n\t\t\t<img decoding=\"async\" loading='false' src=\"https:\/\/www.murtradental.com\/wp-content\/uploads\/2018\/05\/Dental-familia-ninos-Barcelona-Clinica-Dental-Murtra.jpg\" alt=\"Odontopediatar\u00eda dentista familia ninos-Barcelona-Clinica-Dental-Murtra\" \/>\t\t\t\n\t\t\t\t<h2>Holistic Pediatric Dentistry with Dr. Ana Vall\u00e9s, for children aged 0 to 12.<\/h2>\n\t\t\t<a href=\"https:\/\/www.murtradental.com\/en\/odontopediatria\/\" target=\"_self\">\n\t\t\t\t\t\t\tMORE ABOUT PEDIATRIC DENTISTRY\n\t\t\t\t\t<\/a>\n\t\t\t<img decoding=\"async\" loading='false' src=\"https:\/\/www.murtradental.com\/wp-content\/uploads\/2018\/05\/Cirugia-dental-Barcelona-Clinica-Dental-Murtra-e1526302999446.jpg\" alt=\"Cirugia-dental-Barcelona-Clinica-Dental-Murtra\" \/>\t\t\t\n\t\t\t\t<h2>From a simple cavity to the most complex oral surgeries.<\/h2>\n\t\t\t<a href=\"https:\/\/www.murtradental.com\/en\/tratamientos\/\" target=\"_self\">\n\t\t\t\t\t\t\tMORE INFO ABOUT TREATMENTS\n\t\t\t\t\t<\/a>\n\t\t\t\t<a href=\"#\" aria-label=\"previous\" role=\"button\">\n<\/a>\n\t\t\t\t<a href=\"#\" aria-label=\"next\" role=\"button\">\n<\/a>\n\t\t\t\t<img decoding=\"async\" src=\"https:\/\/www.murtradental.com\/wp-content\/uploads\/2018\/05\/Anestesia-sedacion-dental-Barcelona-Clinica-Dental-Murtra-1024x661.jpg\" alt=\"Anestesia-sedacion-dental-Barcelona-Clinica-Dental-Murtra\"\/>\n\t\t\t<h3>TREATMENTS<\/h3>\n\t\t<a href=\"https:\/\/www.murtradental.com\/en\/tratamientos\/\" target=\"_self\"  aria-label=\"Go to https:\/\/www.murtradental.com\/tratamientos\"><\/a>\n\t\t\t\t<img decoding=\"async\" src=\"https:\/\/www.murtradental.com\/wp-content\/uploads\/2020\/07\/Murtra-Dental-entrada-002.jpg\" alt=\"Murtra Dental entrada\"\/>\n\t\t\t<h3>THE CLINIC<\/h3>\n\t\t<a href=\"https:\/\/www.murtradental.com\/en\/la-clinica\/\" target=\"_self\"  aria-label=\"Go to https:\/\/www.murtradental.com\/la-clinica\/\"><\/a>\n<h3>\n\t\tTEAM\n\t<\/h3>\n\t\t\t\t<img decoding=\"async\" src=\"https:\/\/www.clinicadentalmurtra.com\/wp-content\/uploads\/2018\/05\/Dra-Cristina-Murtra-2-Clinica-Dental-Murtra-1-1024x683.jpg\" alt=\"Dra-Cristina-Murtra-2-Clinica-Dental-Murtra\" itemprop=\"image\" title=\"Dra-Cristina-Murtra-2-Clinica-Dental-Murtra\" onerror=\"this.style.display='none'\"  \/>\n\t<h3>Dr. Cristina Murtra<\/h3>\n<p>MEDICAL DIRECTOR\u00a0<\/p>\n\t\t\t<a href=\"https:\/\/www.murtradental.com\/en\/equipo\/\" target=\"_self\">\n\t\t\t\t\t\t\tMEET THE WHOLE TEAM\n\t\t\t\t\t<\/a>\n<h1>\n\t\tAre you looking for a pediatric dentist for your child?\n\t<\/h1>\n\t<p>We have incorporated <a href=\"https:\/\/www.murtradental.com\/en\/odontopediatria\/\"><b>Pediatric Dentistry<\/b><\/a> (<b>Children\u2019s Dentistry<\/b>) with the goal of providing a <strong>safe, fun, and high-quality service<\/strong>, where children\u2019s oral health is <b>approached in a comprehensive and preventive way.<\/b>.\u00a0<\/p>\n<p>Dr. Ana Vall\u00e9s offers a holistic approach to pediatric dentistry, accompanying children aged 0 to 12 to monitor and guide their development, well-being, and oral health.<\/p>\n<p>Book your appointment and meet our Pediatric Dentist, Dr. Ana Vall\u00e9s.\u00a0<\/p>\n\t\t\t\t<img loading=\"lazy\" decoding=\"async\" src=\"https:\/\/www.murtradental.com\/wp-content\/uploads\/2021\/05\/P1010020-1024x768.jpg\" alt=\"P1010020\" itemprop=\"image\" height=\"768\" width=\"1024\" title=\"P1010020\" onerror=\"this.style.display='none'\"  \/>\n<h3>\n\t\tWhat our patients are saying\n\t<\/h3>\n\t\t\t<h4><em>\u00abDurante toda la vida he temido al dentista pero ahora que me lleva la Dra. Murtra el miedo se ha acabado. Ella me ha mostrado en los \u00faltimos cuatro a\u00f1os que los procedimientos dentales no tienen que ser dolorosos y que ir al dentista puede ser una experiencia positiva. Ahora en vez de aplazar mis revisiones, las espero con ganas.\u00bb<\/em><\/h4><p>JOLINDA<\/p>\t\t\n\t\t\t<h4><em>\u00abDesde peque\u00f1a me he tratado en la Cl\u00ednica Dental Murtra. Primero con el Dr. Jaime y ahora con su hija Cristina. Siempre me he sentido en familia. Ahora mis hijas se visitan con la Dra. Sara D\u00edez Soto y he podido comprobar la enorme calidad humana y profesional de otro miembro del equipo.\u00bb<\/em><\/h4><h4>DANIELA<\/h4>\t\t\n\t\t\t<h4><i>\u00abA mi edad hab\u00eda perdido toda la esperanza de recuperar mi estima, de poder sonre\u00edr sin cubrirme la boca, de padecer dolores cr\u00f3nicos dentales a diario&#8230; hasta que llegu\u00e9 a Cl\u00ednica Dental Murtra, donde me encontr\u00e9 con un nivel de profesionalidad inobjetable, seguridad y claridad en las explicaciones. M\u00e1s importante, me han tratado siempre con calidez, escuchando mis traumas al respecto y <\/i><i>and made to feel secure at every step of the treatment.\u00a0<\/i><i>a cada paso del tratamiento.\u00bb<\/i><\/h4><h4>AURELIO MACHADO<\/h4>\t\t\n\t\t\t<h4><em>\u00abYo me voy a dedicar a destacar las sensaciones como paciente que he sentido desde el momento en que entr\u00e9 en la consulta y conoc\u00ed a la Dra. Cristina Murtra.<\/em><br \/><em>I\u2019ve visited different medical clinics, and this is the only one where I\u2019ve found the answers I\u2019ve been searching for for years. At no point did anyone try to sell me anything \u2014 they simply offered real solutions to my problems.<\/em><br \/><em>What ultimately convinced me was the teamwork with their osteopath within the same clinic \u2014 something I had never seen before \u2014 and the fact that together they provide a joint diagnosis based on your needs. They don\u2019t just treat the mouth as the problem; they take an integrated, holistic approach to overall health<\/em><br \/><em>Why is it so hard to find places like this?<\/em><br \/><em>Sin duda un lugar de referencia y totalmente recomendable.\u00bb<\/em><\/h4><h4>CARLOS GARCIA<\/h4>\t\t\n\t\t\t<h4><em>\u00abSin dudarlo, la Dra Sara D\u00edez tuvo un trato exquisito y paciencia, mucha paciencia, al final se gan\u00f3 a la peque de 3 a\u00f1os que nunca hab\u00eda ido al dentista, la trat\u00f3 con mimo y le explic\u00f3 todo adecuado a su edad. Toda una profesional, con vocaci\u00f3n, para cuidar las bocas de los m\u00e1s peques. Un 10.<\/em><em>\u00ab<\/em><\/h4><h4>FAMILIA MIR<\/h4>\t\t\n<h3>\n\t\tOur Values\n\t<\/h3>\n\t\t<h3>Comprehensive Treatments<\/h3><p>Experience a one-stop clinic for comprehensive oral care, where a team of specialists works together to coordinate your treatment and achieve the best results.<\/p>\n\t\t<h3>Your health comes first<\/h3><p>We have always understood that your health comes first, offering treatments that are as minimally invasive as possible to ensure your maximum well-being.<\/p>\n\t\t<h3>Available on weekends and holidays<\/h3>The clinic is available on weekends and holidays for any emergencies. Call us at<br \/>\n<a href=\"tel:+34618369206\">+34 618 369 206<\/a>\n\t\t<h3>A first-class team<\/h3><p>We work with love and dedication, because we know that you are the most important part of our clinic.<\/p>\n\t\t<h3>Up-to-date<\/h3><p>Our team of doctors and specialists is constantly training to provide you with the best care and the latest advancements in oral health.<\/p>\n\t\t<h3>Top-quality materials<\/h3><p>We always use top-quality materials, because your health is not something to compromise on.<\/p>\n\t\t\t\t<img loading=\"lazy\" decoding=\"async\" src=\"https:\/\/www.murtradental.com\/wp-content\/uploads\/2020\/07\/Murtra-Dental-entrada-002-1024x863.jpg\" alt=\"Murtra Dental entrada\" itemprop=\"image\" height=\"863\" width=\"1024\" title=\"Murtra Dental entrada 002\" onerror=\"this.style.display='none'\"  \/>\n<h1>\n\t\tMurtra Dental Clinic\n\t<\/h1>\n\t<p>At Murtra Dental Clinic, our team of specialists is dedicated to providing comprehensive oral care. We have three dental treatment rooms and a 3D CT scan room for orthopantomograms and 3D X-rays. Our services also include general anesthesia or sedation, oral disease detection, and early diagnosis through swabs or biopsies.<\/p>\n<p>Our clinic features a welcoming waiting area, and we are fully equipped to accommodate patients with disabilities or special needs. At Murtra Dental Clinic, we want you to feel at home. We are always ready to support your needs and work every day to offer the highest standard of modern dental care.<\/p>\n\t\t\t<a href=\"https:\/\/www.murtradental.com\/en\/la-clinica\/\" target=\"_self\">\n\t\t\t\t\t\t\tMEET THE CLINIC\n\t\t\t\t\t<\/a>\n<h6>\n\t\tEMERGENCY SERVICES ON WEEKENDS AND HOLIDAYS\n\t<\/h6>\n<h6>\n\t\tWE ADAPT TO YOUR SCHEDULE\n\t<\/h6>\n<h6>\n\t\tFINANCING ASSISTANCE\n\t<\/h6>\n<h6>\n\t\tACCESS FOR PEOPLE WITH DISABILITIES\n\t<\/h6>\n\t<iframe src=\"https:\/\/www.google.com\/maps\/embed\/v1\/place?q=Clinica+Dental+Murtra%2C+Carrer+de+Castellnou+2%2C+08017+Barcelona&#038;key=AIzaSyD09zQ9PNDNNy9TadMuzRV_UsPUoWKntt8\" aria-hidden=\"true\" title=\"Murtra Personalized Dentistry\"><\/iframe>","protected":false},"excerpt":{"rendered":"<p>Un equipo de odontolog\u00eda integral para un servicio personalizado y a medida. CONOCE AL EQUIPO Odontopediatr\u00eda hol\u00edstica con la Dra. Ana Vall\u00e9s de 0 a 12 a\u00f1os. M\u00c1S SOBRE ODONTOPEDIATR\u00cdA Desde una simple caries hasta las cirug\u00edas orales m\u00e1s complejas. M\u00c1S INFO TRATAMIENTOS TRATAMIENTOS LA CL\u00cdNICA Equipo Dra. Cristina Murtra DIRECTORA M\u00c9DICA\u00a0 CONOCE A TODO&hellip;<\/p>","protected":false},"author":1,"featured_media":1370,"parent":0,"menu_order":0,"comment_status":"closed","ping_status":"closed","template":"","meta":{"_seopress_robots_primary_cat":"","_seopress_titles_title":"Odontolog\u00eda Integral Avanzada %%sep%% Murtra Dental Barcelona","_seopress_titles_desc":"Murtra Dental ofrece a sus pacientes el mejor equipo de especialistas de la odontolog\u00eda integral moderna. Porque tu salud bucal y sonrisa son...","_seopress_robots_index":"","_monsterinsights_skip_tracking":false,"_monsterinsights_sitenote_active":false,"_monsterinsights_sitenote_note":"","_monsterinsights_sitenote_category":0,"footnotes":""},"class_list":["post-9","page","type-page","status-publish","has-post-thumbnail","hentry"],"_links":{"self":[{"href":"https:\/\/www.murtradental.com\/en\/wp-json\/wp\/v2\/pages\/9","targetHints":{"allow":["GET"]}}],"collection":[{"href":"https:\/\/www.murtradental.com\/en\/wp-json\/wp\/v2\/pages"}],"about":[{"href":"https:\/\/www.murtradental.com\/en\/wp-json\/wp\/v2\/types\/page"}],"author":[{"embeddable":true,"href":"https:\/\/www.murtradental.com\/en\/wp-json\/wp\/v2\/users\/1"}],"replies":[{"embeddable":true,"href":"https:\/\/www.murtradental.com\/en\/wp-json\/wp\/v2\/comments?post=9"}],"version-history":[{"count":22,"href":"https:\/\/www.murtradental.com\/en\/wp-json\/wp\/v2\/pages\/9\/revisions"}],"predecessor-version":[{"id":1823,"href":"https:\/\/www.murtradental.com\/en\/wp-json\/wp\/v2\/pages\/9\/revisions\/1823"}],"wp:featuredmedia":[{"embeddable":true,"href":"https:\/\/www.murtradental.com\/en\/wp-json\/wp\/v2\/media\/1370"}],"wp:attachment":[{"href":"https:\/\/www.murtradental.com\/en\/wp-json\/wp\/v2\/media?parent=9"}],"curies":[{"name":"wp","href":"https:\/\/api.w.org\/{rel}","templated":true}]}}