{"id":646,"date":"2018-06-08T07:55:30","date_gmt":"2018-06-08T07:55:30","guid":{"rendered":"https:\/\/www.clinicadentalmurtra.com\/?page_id=646"},"modified":"2018-06-21T09:50:42","modified_gmt":"2018-06-21T09:50:42","slug":"politica-de-cookies","status":"publish","type":"page","link":"https:\/\/www.murtradental.com\/en\/politica-de-cookies\/","title":{"rendered":"Cookies Policy"},"content":{"rendered":"<h1><b>Politica de Cookies<\/b><\/h1>\n<p>&nbsp;<\/p>\n<p>En <b>Cl\u00ednica\u00a0Dental Murtra<\/b>\u00a0, apostamos por la transparencia sobre el modo en que utilizamos tu informaci\u00f3n. Por eso esta pol\u00edtica proporciona informaci\u00f3n detallada sobre c\u00f3mo y cu\u00e1ndo utilizamos cookies.<\/p>\n<p>Una cookie es un fichero que se descarga en su ordenador al acceder a determinadas p\u00e1ginas web. Las cookies permiten a una p\u00e1gina web, entre otras cosas, almacenar y recuperar informaci\u00f3n sobre los h\u00e1bitos de navegaci\u00f3n de un usuario o de su equipo y, dependiendo de la informaci\u00f3n que contengan y de la forma en que utilice su equipo, pueden utilizarse para reconocer al usuario.<\/p>\n<h3><b>\u00bfQu\u00e9 tipos de cookies se utilizan en esta p\u00e1gina web?<\/b><\/h3>\n<p>Al acceder a nuestra web se le informa que si sigue navegando se le instalar\u00e1n diversas cookies propias y de <b>terceros.<\/b><\/p>\n<p>Las cookies que utiliza esta p\u00e1gina web son en su mayor\u00eda propias, es decir, se env\u00edan al equipo terminal del usuario desde el dominio gestionado por el propio editor de este site y a trav\u00e9s del cual se presta el servicio solicitado por el usuario, son estrictamente necesarias para prestar los servicios solicitados por los usuarios y permitir la comunicaci\u00f3n entre el equipo del usuario y la red.<\/p>\n<p>Esta web utiliza servicios de an\u00e1lisis de la web (a modo de ejemplo: Google Analytics o herramientas similares) para ayudar al website a analizar el uso que hacen los Usuarios del sitio web y mejorar la usabilidad del mismo, pero en ning\u00fan caso se asocian a datos que pudieran llegar a identificar al usuario.<\/p>\n<p>La informaci\u00f3n obtenida por las cookies es tratada s\u00f3lo por el Prestador.<\/p>\n<p>Estas cookies se emplean con la exclusiva finalidad de:<\/p>\n<ul>\n<li>de entrada del usuario<\/li>\n<li>de sesi\u00f3n de autenticaci\u00f3n o identificaci\u00f3n del usuario<\/li>\n<li>de seguridad del usuario<\/li>\n<li>de sesi\u00f3n de reproductor multimedia<\/li>\n<li>de sesi\u00f3n para equilibrar la carga<\/li>\n<li>de personalizaci\u00f3n de la interfaz de usuario<\/li>\n<li>de complemento (plug-in) para intercambiar contenidos sociales<\/li>\n<li>para rellenar los formularios<\/li>\n<\/ul>\n<p>Todas ellas <b>est\u00e1n exentas de la obligaci\u00f3n de informar<\/b> y obtener el consentimiento de los usuarios.<\/p>\n<h3><b>Cookies de terceros:<\/b><\/h3>\n<p>En diversas secciones de nuestra web se podr\u00e1n instalar cookies de <b>terceros<\/b> correspondientes a redes sociales para compartir contenido, estas cookies tiene su propia pol\u00edtica de privacidad, en concreto las siguientes:<\/p>\n<ul>\n<li>Cookie de Facebook, seg\u00fan lo dispuesto en su <a href=\"https:\/\/www.facebook.com\/help\/cookies?ref_type=sitefooter\">Cookies Policy<\/a><\/li>\n<\/ul>\n<ul>\n<li>Cookie de Google+ y Google Maps, seg\u00fan lo dispuesto en su p\u00e1gina sobre qu\u00e9 <a href=\"http:\/\/www.google.com\/intl\/es\/policies\/technologies\/types\/\">tipo de cookies utilizan<\/a><\/li>\n<\/ul>\n<p>&nbsp;<\/p>\n<p>Si contin\u00faa navegando significa que acepta su uso. Puede cambiar la configuraci\u00f3n de su navegador para ser avisado de la recepci\u00f3n de cookies en su disco duro o desactivar si lo desea la capacidad de almacenar dichas cookies en su disco duro.<\/p>\n<p><b>\u00bfC\u00f3mo se gestionan las cookies?<\/b> Puesto que las cookies son archivos de texto normales, se pueden explorar con la mayor\u00eda de editores de texto o programas de procesamiento de texto. Puede hacer clic en una cookie para abrirla. A continuaci\u00f3n, se indica una lista de enlaces sobre c\u00f3mo ver cookies en diferentes navegadores. Si utiliza otro navegador, consulte la informaci\u00f3n sobre cookies en el propio navegador. Si utiliza un tel\u00e9fono m\u00f3vil, consulte el manual del dispositivo para obtener m\u00e1s informaci\u00f3n.<\/p>\n<p><b>Firefox<\/b><\/p>\n<p><a href=\"https:\/\/support.mozilla.org\/en-US\/kb\/cookies-information-websites-store-on-your-computer\"><b>https:\/\/support.mozilla.org\/en-US\/kb\/cookies-information-websites-store-on-your-computer<\/b><\/a><\/p>\n<p><b>Chrome<\/b><\/p>\n<p><a href=\"https:\/\/support.google.com\/chrome\/bin\/answer.py?hl=en&amp;answer=95647&amp;topic=14666&amp;ctx=topic\"><b>https:\/\/support.google.com\/chrome\/bin\/answer.py?hl=en&amp;answer=95647&amp;topic=14666&amp;ctx=topic<\/b><\/a><\/p>\n<p><b>Internet Explorer 8-10<\/b><\/p>\n<p><a href=\"http:\/\/windows.microsoft.com\/en-US\/internet-explorer\/delete-manage-cookies\"><b>http:\/\/windows.microsoft.com\/en-US\/internet-explorer\/delete-manage-cookies<\/b><\/a><\/p>\n<p><b>Safari<\/b><\/p>\n<p><a href=\"http:\/\/support.apple.com\/kb\/ph5042\"><b>http:\/\/support.apple.com\/kb\/ph5042<\/b><\/a><\/p>\n<p><b>Opera <\/b><\/p>\n<p><a href=\"http:\/\/help.opera.com\/Windows\/12.00\/es-ES\/cookies.html\"><b>http:\/\/help.opera.com\/Windows\/12.00\/es-ES\/cookies.html<\/b><\/a><\/p>\n<h3><b>Desactivaci\u00f3n\/activaci\u00f3n o eliminaci\u00f3n de cookies:<\/b><\/h3>\n<p>Para restringir o bloquear las cookies, se hace a trav\u00e9s de la configuraci\u00f3n del navegador.<\/p>\n<ul>\n<li>Google Chrome: <a href=\"https:\/\/support.google.com\/accounts\/answer\/61416?hl=es\"><b>https:\/\/support.google.com\/accounts\/answer\/61416?hl=es<\/b><\/a><\/li>\n<li>Firefox: <a href=\"https:\/\/support.mozilla.org\/es\/kb\/habilitar-y-deshabilitar-cookies-que-los-sitios-we\"><b>https:\/\/support.mozilla.org\/es\/kb\/habilitar-y-deshabilitar-cookies-que-los-sitios-we<\/b><\/a><\/li>\n<li>Internet Explorer: <a href=\"http:\/\/windows.microsoft.com\/es-es\/windows-vista\/block-or-allow-cookies\"><b>http:\/\/windows.microsoft.com\/es-es\/windows-vista\/block-or-allow-cookies<\/b><\/a><\/li>\n<\/ul>\n<p>Si no desea que los sitios web pongan ninguna cookie en su equipo, puede adaptar la configuraci\u00f3n del navegador de modo que se le notifique antes de que se coloque ninguna cookie. De igual modo, puede adaptar la configuraci\u00f3n de forma que el navegador rechace todas las cookies, o \u00fanicamente las cookies de terceros. Tambi\u00e9n puede eliminar cualquiera de las cookies que ya se encuentren en el equipo. Tenga en cuenta que tendr\u00e1 que adaptar por separado la configuraci\u00f3n de cada navegador y equipo que utilice.<\/p>\n<p>Tenga en cuenta que si no desea recibir cookies, ya no podremos garantizar que nuestro sitio web funcione debidamente. Puede que algunas funciones del sitio se pierdan y es posible que ya no pueda ver ciertos sitios web. Rechazar las cookies no significa que ya no vaya a ver anuncios publicitarios. Simplemente los anuncios no se ajustar\u00e1n a sus intereses y se repetir\u00e1n con m\u00e1s frecuencia.<\/p>\n<p>Cada navegador posee un m\u00e9todo distinto para adaptar la configuraci\u00f3n. Si fuera necesario, consulte la funci\u00f3n de ayuda del navegador para establecer la configuraci\u00f3n correcta.<\/p>\n<p>Para desactivar las cookies en el tel\u00e9fono m\u00f3vil, consulte el manual del dispositivo para obtener m\u00e1s informaci\u00f3n.<\/p>\n<p>Puede obtener <a href=\"http:\/\/www.aboutcookies.org\/\"><b>m\u00e1s informaci\u00f3n sobre las cookies en Internet.<\/b><\/a><\/p>\n<p>Teniendo en cuenta la forma en la que funciona Internet y los sitios web, no siempre contamos con informaci\u00f3n de las cookies que colocan terceras partes a trav\u00e9s de nuestro sitio web. Esto se aplica especialmente a casos en los que nuestra p\u00e1gina web contiene lo que se denominan elementos integrados: textos, documentos, im\u00e1genes o breves pel\u00edculas que se almacenan en otra parte, pero se muestran en nuestro sitio web o a trav\u00e9s del mismo.<\/p>\n<p>Por consiguiente, en caso de que se encuentre con este tipo de cookies en este sitio web y no est\u00e9n enumeradas en la lista anterior, le rogamos que nos lo comunique. O bien p\u00f3ngase en contacto directamente con el tercero para pedirle informaci\u00f3n sobre las cookies que coloca, la finalidad y la duraci\u00f3n de la cookie, y c\u00f3mo ha garantizado su privacidad.<\/p>\n<p>Esta pol\u00edtica de cookies ha sido actualizada por \u00faltima vez el 08-06-2018.<\/p>\n<p>&nbsp;<\/p>","protected":false},"excerpt":{"rendered":"<p>Politica de Cookies &nbsp; En Cl\u00ednica\u00a0Dental Murtra\u00a0, apostamos por la transparencia sobre el modo en que utilizamos tu informaci\u00f3n. Por eso esta pol\u00edtica proporciona informaci\u00f3n detallada sobre c\u00f3mo y cu\u00e1ndo utilizamos cookies. Una cookie es un fichero que se descarga en su ordenador al acceder a determinadas p\u00e1ginas web. Las cookies permiten a una p\u00e1gina&hellip;<\/p>","protected":false},"author":1,"featured_media":0,"parent":0,"menu_order":0,"comment_status":"closed","ping_status":"closed","template":"","meta":{"_seopress_robots_primary_cat":"","_seopress_titles_title":"","_seopress_titles_desc":"","_seopress_robots_index":"","_monsterinsights_skip_tracking":false,"_monsterinsights_sitenote_active":false,"_monsterinsights_sitenote_note":"","_monsterinsights_sitenote_category":0,"footnotes":""},"class_list":["post-646","page","type-page","status-publish","hentry"],"_links":{"self":[{"href":"https:\/\/www.murtradental.com\/en\/wp-json\/wp\/v2\/pages\/646","targetHints":{"allow":["GET"]}}],"collection":[{"href":"https:\/\/www.murtradental.com\/en\/wp-json\/wp\/v2\/pages"}],"about":[{"href":"https:\/\/www.murtradental.com\/en\/wp-json\/wp\/v2\/types\/page"}],"author":[{"embeddable":true,"href":"https:\/\/www.murtradental.com\/en\/wp-json\/wp\/v2\/users\/1"}],"replies":[{"embeddable":true,"href":"https:\/\/www.murtradental.com\/en\/wp-json\/wp\/v2\/comments?post=646"}],"version-history":[{"count":0,"href":"https:\/\/www.murtradental.com\/en\/wp-json\/wp\/v2\/pages\/646\/revisions"}],"wp:attachment":[{"href":"https:\/\/www.murtradental.com\/en\/wp-json\/wp\/v2\/media?parent=646"}],"curies":[{"name":"wp","href":"https:\/\/api.w.org\/{rel}","templated":true}]}}