{"id":60,"date":"2017-05-24T08:12:12","date_gmt":"2017-05-24T08:12:12","guid":{"rendered":"https:\/\/www.clinicadentalmurtra.com\/?page_id=60"},"modified":"2025-10-13T10:46:40","modified_gmt":"2025-10-13T10:46:40","slug":"equipo","status":"publish","type":"page","link":"https:\/\/www.murtradental.com\/en\/equipo\/","title":{"rendered":"TEAM"},"content":{"rendered":"<h1>\n\t\tYour comprehensive dentistry team, so that you have all oral health professionals in the same dental clinic.\n\t<\/h1>\n<h3>\n\t\tMedical Director\n\t<\/h3>\n\t\t\t\t<img decoding=\"async\" src=\"https:\/\/www.clinicadentalmurtra.com\/wp-content\/uploads\/2018\/05\/Dra-Cristina-Murtra-Clinica-Dental-Murtra-2-1024x682.jpg\" alt=\"Dra-Cristina-Murtra-Clinica-Dental-Murtra\" itemprop=\"image\" title=\"Dra-Cristina-Murtra-Clinica-Dental-Murtra\" onerror=\"this.style.display='none'\"  \/>\n\t<br \/>\nDiploma \u00abExperta en Est\u00e9tica Dental\u00bb, AUTRAN Dental Academy 2019<br \/>\nPostgrado de Est\u00e9tica en Odontolog\u00eda, UB 2016<br \/>\nDoctorado en Ciencias de la Salud, UIC 2014<br \/>\nCurso Implant Dentistry, Cl\u00ednica Aparicio &amp; Universidad de Goteborg 2012<br \/>\nCurso Odontolog\u00eda Conservadora, Studio Vanini 2010<br \/>\nLicenciada en Odontolog\u00eda, UIC 2008<br \/>\nLicenciada en Biolog\u00eda, UB 2002\n<p><a href=\"https:\/\/www.murtradental.com\/en\/estetica\/\"><strong>Medical director of Murtra Personalized Dentistry and dentist specialized in aesthetics, oral rehabilitation, and occlusion \/ TMJ.<\/strong><\/a><\/p>\n<blockquote><p><em>Being aware that there is nothing better than giving and receiving smiles, I work hard every day gathering and studying proportions, patterns, and measurements in order to restore them when they have been lost.<\/em><\/p><\/blockquote>\n<h3>\n\t\tTEAM\n\t<\/h3>\n\t\t\t\t<img loading=\"lazy\" decoding=\"async\" src=\"https:\/\/www.murtradental.com\/wp-content\/uploads\/2025\/09\/Dra-Ana-Astorga.jpeg\" alt=\"Dra Ana Astorga\" itemprop=\"image\" height=\"1600\" width=\"1200\" title=\"Dra Ana Astorga\" onerror=\"this.style.display='none'\"  \/>\n\t<h3>Dr. Ana Astorga<\/h3>\n<p>\u2022 2018 Dentistry degree. Complutense University of Madrid <\/p>\n<p>\u2022 Master\u2019s in Endodontics, Aesthetics, and Restorative Dentistry from Rey Juan Carlos University, Madrid 2025 <\/p>\n<p>\u2022 Member of the Spanish Endodontic Association <\/p>\n<p>\u2022 License number: 28016617<\/p>\n<p><a href=\"\/en\/contacto\/\"><strong>Endodontist, Conservative Dentistry<\/strong><\/a><\/p>\n<blockquote><p><em>For me, there is nothing more rewarding than being able to help others and the satisfaction of a job well done. Every tooth is a small challenge that, with the patience required by endodontics, we will keep functional and aesthetically proper for much longer.<\/em><\/p><\/blockquote>\n\t\t\t\t<img loading=\"lazy\" decoding=\"async\" src=\"https:\/\/www.murtradental.com\/wp-content\/uploads\/2025\/09\/Dra-Ana-Valles.jpg\" alt=\"Dra Ana Vall\u00e9s\" itemprop=\"image\" height=\"2048\" width=\"1536\" title=\"Dra Ana Vall\u00e9s\" onerror=\"this.style.display='none'\"  \/>\n\t<h3>Dr. Ana Vall\u00e9s<\/h3>\n<p>\u2022 Dentistry degree from the International University of Catalonia in 2006 <\/p>\n<p>\u2022 Master\u2019s in Comprehensive and Hospital Pediatric Dentistry at the International University of Catalonia in 2021 <\/p>\n<p>\u2022 License number: 4937 <\/p>\n<p><a href=\"\/en\/contacto\/\"><strong>PEDIATRIC DENTIST<\/strong><\/a><\/p>\n<blockquote><p><em>My professional goal is to support children from birth to adulthood, promoting healthy habits and providing the necessary information for the prevention of oral diseases and malocclusions.<\/em><\/p>\n<p><em>I am passionate about working in a multidisciplinary team with other health professionals to achieve the best results and provide comprehensive care.<\/em><\/p><\/blockquote>\n\t\t\t\t<img loading=\"lazy\" decoding=\"async\" src=\"https:\/\/www.murtradental.com\/wp-content\/uploads\/2025\/09\/Dr-Aureo-de-Alvarado.jpeg\" alt=\"Dr Aureo de Alvarado\" itemprop=\"image\" height=\"2048\" width=\"1536\" title=\"Dr Aureo de Alvarado\" onerror=\"this.style.display='none'\"  \/>\n\t<h3>Dr. Aureo De Alvarado<\/h3>\n<p>\u2022 Dentistry degree from the University of Barcelona in 2019 <\/p>\n<p>\u2022 Postgraduate in Clinical Residency in Oral Prosthetics at the International University of Catalonia in 2021 <\/p>\n<p>\u2022 Master\u2019s in Periodontics and Oral Implantology in 2025 <\/p>\n<p>\u2022 License number: 8377<\/p>\n<p><a href=\"\/en\/contacto\/\"><strong>PERIODONTIST, SURGERY<\/strong><\/a><\/p>\n<blockquote><p><em>My goal is to take care of your teeth and implants to maintain your proper oral health.<\/em><\/p><\/blockquote>\n\t\t\t\t<img loading=\"lazy\" decoding=\"async\" src=\"https:\/\/www.murtradental.com\/wp-content\/uploads\/2025\/09\/Dra-Maria-Lara.jpeg\" alt=\"Dra Maria Lara\" itemprop=\"image\" height=\"2048\" width=\"1536\" title=\"Dra Maria Lara\" onerror=\"this.style.display='none'\"  \/>\n\t<h3>Dr. Maria Lara<\/h3>\n<p>Doctorate <\/p>\n<p>\u2022 Curso en \u00abCapacitaci\u00f3n para la venopunci\u00f3n y su aplicaci\u00f3n en terapia regenerativa\u00bb BTI 2023 <\/p>\n<p>\u2022 Master\u2019s in Oral Surgery and Oral-Facial Implantology, University of Barcelona 2019\u20132022 <\/p>\n<p>\u2022 Dentistry degree 2014\u20132019<\/p>\n<p>\u2022 License number: 8378 <\/p>\n<p><a href=\"\/en\/contacto\/\"><strong>SURGERY, PERIODONTIST, PEDIATRIC DENTIST<\/strong><\/a><\/p>\n<blockquote><p><em>My goal is to make your surgery a safe and calm experience.<\/em><\/p><\/blockquote>\n\t\t\t\t<img loading=\"lazy\" decoding=\"async\" src=\"https:\/\/www.murtradental.com\/wp-content\/uploads\/2025\/09\/Dra-Anna-Monill.jpeg\" alt=\"Dra Anna Monill\" itemprop=\"image\" height=\"1600\" width=\"1200\" title=\"Dra Anna Monill\" onerror=\"this.style.display='none'\"  \/>\n\t<h3>Dr. Anna Monill<\/h3>\n<p>\u2022 Dentistry degree from the University of Barcelona <\/p>\n<p>\u2022 Master\u2019s in Orthodontics at the University of Barcelona <\/p>\n<p>\u2022 Diploma in Research Methodology at the Complutense University of Madrid <\/p>\n<p>\u2022 Diploma in Aesthetic Dentistry <\/p>\n<p>\u2022 Specialist in Neuro-Occlusal Rehabilitation <\/p>\n<p>\u2022 License number: 8432 <\/p>\n<p><a href=\"\/en\/contacto\/\"><strong>ORTHODONTIST<\/strong><\/a><\/p>\n<blockquote><p><em>More than dental alignment, it is confidence that we build.<\/em><\/p><\/blockquote>\n\t\t\t\t<img loading=\"lazy\" decoding=\"async\" src=\"https:\/\/www.murtradental.com\/wp-content\/uploads\/2025\/09\/Dra-Eva-Mila.jpeg\" alt=\"Dra Eva Mil\u00e0\" itemprop=\"image\" height=\"1600\" width=\"1200\" title=\"Dra Eva Mil\u00e0\" onerror=\"this.style.display='none'\"  \/>\n\t<h3>Dr. Eva Mil\u00e0<\/h3>\n<p>\u2022 Degree in Physiotherapy from Ramon Llull University, 2022 <\/p>\n<p>\u2022 University Expert Title in Maxillofacial Physiotherapy, Ramon Llull University, 2023 <\/p>\n<p>\u2022 Integrative Pediatric Manual Therapy at KENZE, 2025 <\/p>\n<p>\u2022 License number: 16203 <\/p>\n<p><a href=\"\/en\/contacto\/\"><strong>PHYSIOTHERAPIST<\/strong><\/a><\/p>\n<blockquote><p><em>I understand the body as a network of balanced tensions: as a maxillofacial physiotherapist, I seek the origin of the imbalance to restore harmony from within.<\/em><\/p><\/blockquote>","protected":false},"excerpt":{"rendered":"<p>Tu equipo de odontolog\u00eda integral, para que tengas a todos los profesionales de la salud bucal en la misma cl\u00ednica dental. Directora M\u00e9dica Diploma \u00abExperta en Est\u00e9tica Dental\u00bb, AUTRAN Dental Academy 2019 Postgrado de Est\u00e9tica en Odontolog\u00eda, UB 2016 Doctorado en Ciencias de la Salud, UIC 2014 Curso Implant Dentistry, Cl\u00ednica Aparicio &amp; Universidad de&hellip;<\/p>","protected":false},"author":1,"featured_media":732,"parent":0,"menu_order":0,"comment_status":"closed","ping_status":"closed","template":"","meta":{"_seopress_robots_primary_cat":"","_seopress_titles_title":"%%title%% %%page%% %%sep%% %%sitename%% Barcelona","_seopress_titles_desc":"Tu equipo de odontolog\u00eda integral SIEMPRE A TU LADO CON LOS MEJORES PROFESIONALES.","_seopress_robots_index":"","_monsterinsights_skip_tracking":false,"_monsterinsights_sitenote_active":false,"_monsterinsights_sitenote_note":"","_monsterinsights_sitenote_category":0,"footnotes":""},"class_list":["post-60","page","type-page","status-publish","has-post-thumbnail","hentry"],"_links":{"self":[{"href":"https:\/\/www.murtradental.com\/en\/wp-json\/wp\/v2\/pages\/60","targetHints":{"allow":["GET"]}}],"collection":[{"href":"https:\/\/www.murtradental.com\/en\/wp-json\/wp\/v2\/pages"}],"about":[{"href":"https:\/\/www.murtradental.com\/en\/wp-json\/wp\/v2\/types\/page"}],"author":[{"embeddable":true,"href":"https:\/\/www.murtradental.com\/en\/wp-json\/wp\/v2\/users\/1"}],"replies":[{"embeddable":true,"href":"https:\/\/www.murtradental.com\/en\/wp-json\/wp\/v2\/comments?post=60"}],"version-history":[{"count":30,"href":"https:\/\/www.murtradental.com\/en\/wp-json\/wp\/v2\/pages\/60\/revisions"}],"predecessor-version":[{"id":1696,"href":"https:\/\/www.murtradental.com\/en\/wp-json\/wp\/v2\/pages\/60\/revisions\/1696"}],"wp:featuredmedia":[{"embeddable":true,"href":"https:\/\/www.murtradental.com\/en\/wp-json\/wp\/v2\/media\/732"}],"wp:attachment":[{"href":"https:\/\/www.murtradental.com\/en\/wp-json\/wp\/v2\/media?parent=60"}],"curies":[{"name":"wp","href":"https:\/\/api.w.org\/{rel}","templated":true}]}}