{"id":393,"date":"2018-02-27T16:39:30","date_gmt":"2018-02-27T16:39:30","guid":{"rendered":"https:\/\/www.clinicadentalmurtra.com\/?page_id=393"},"modified":"2018-06-21T09:59:29","modified_gmt":"2018-06-21T09:59:29","slug":"aviso-legal","status":"publish","type":"page","link":"https:\/\/www.murtradental.com\/en\/aviso-legal\/","title":{"rendered":"Aviso legal"},"content":{"rendered":"<h1>Aviso Legal y condiciones de uso<\/h1>\n<p>Esta web es un espacio seguro. Clinicadentalmurtra.com respeta la privacidad de sus usuarios y ha adecuado este portal a la Ley 34\/2002, de 11 de julio, de Servicios de la Sociedad de la informaci\u00f3n y de Comercio Electr\u00f3nico.(LSSI)<\/p>\n<p>Por este motivo le informamos que:<\/p>\n<ul>\n<li>Su denominaci\u00f3n social es Dental Murtra SL<\/li>\n<li>Su CIF\/ NIF B-67079392<\/li>\n<li>Su domicilio social est\u00e1 : Calle Castellnou 2, bajos, 08017 Barcelona<\/li>\n<li>Su actividad social es: Servicios odontol\u00f3gicos<\/li>\n<li>Finalidad de la p\u00e1gina web: suministrar informaci\u00f3n y servicios sobre servicios odontol\u00f3gicos de la Cl\u00ednica Dental Murtra<\/li>\n<\/ul>\n<h3>Condiciones generales del portal Clinicadentalmurtra.com<\/h3>\n<p>Las presentes Condiciones Generales regulan el uso (incluyendo el mero acceso) de las p\u00e1ginas web integrantes del sitio web Clinicadentalmurtra.com incluidos los contenidos y servicios puestos a disposici\u00f3n en ellas.<\/p>\n<p>Toda persona que acceda al el portal Clinicadentalmurtra.com\u00a0(\u201cUsuario\u201d) acepta someterse a las Condiciones Generales vigentes en cada momento en que acceda al el portal.<\/p>\n<p>En todo caso, Clinicadentalmurtra.com\u00a0se reserva el derecho de modificar, en cualquier momento y sin necesidad de previo aviso, la presentaci\u00f3n y configuraci\u00f3n del portal Clinicadentalmurtra.com\u00a0as\u00ed como las presentes Condiciones Generales o las correspondientes Condiciones Particulares.<\/p>\n<h3>Uso del portal Clinicadentalmurtra.com<\/h3>\n<p>Usted acepta que:<\/p>\n<ul>\n<li>Solamente podr\u00e1 hacer Usted uso del sitio web para realizar consultas o solicitudes legalmente v\u00e1lidas.<\/li>\n<li>No podr\u00e1 realizar ninguna solicitud especulativa, falsa o fraudulenta. Si tenemos motivos razonables para considerar que se ha hecho una solicitud de esta \u00edndole estaremos autorizados a anularlo e informar a las autoridades pertinentes.<\/li>\n<li>Tambi\u00e9n se obliga Usted a facilitarnos de manera cierta y correcta su direcci\u00f3n de correo electr\u00f3nico, direcci\u00f3n postal y\/u otros datos de contacto y consiente que podremos hacer uso de esta informaci\u00f3n para ponernos en contacto con Usted si es necesario (ver nuestra <a href=\"https:\/\/www.clinicadentalmurtra.com\/politica-de-privacidad\/\">See Mailchimp\u2019s Privacy Policy.<\/a>).<\/li>\n<li>Si no nos facilita Usted toda la informaci\u00f3n que necesitamos, no podremos cursar su solicitud.<\/li>\n<\/ul>\n<ul>\n<li>El presente aviso legal (en adelante, el \u201cAviso Legal\u201d) regula el uso del sitio web: Clinicadentalmurtra.com<\/li>\n<\/ul>\n<h3>Protecci\u00f3n de Datos de Clinicadentalmurtra.com<\/h3>\n<p>Clinicadentalmurtra.com se compromete en la utilizaci\u00f3n de los datos incluidos en el fichero, a respetar su confidencialidad y a utilizarlos de acuerdo con la finalidad del mismo, as\u00ed como a dar cumplimiento a su obligaci\u00f3n de guardarlos y adaptar todas las medidas para evitar la alteraci\u00f3n, p\u00e9rdida, tratamiento o acceso no autorizado, de conformidad con lo establecido en el Real Decreto 1720\/2007 de 21 de diciembre por el que se aprueba el Reglamento de desarrollo de la Ley Org\u00e1nica 15\/1999 de 13 de diciembre, de Protecci\u00f3n de Datos de Car\u00e1cter Personal.<\/p>\n<p>Clinicadentalmurtra.com jam\u00e1s compartir\u00e1 datos de los usuarios de la web con terceros a menos que los usuarios hayan sido informados previamente y contemos con su autorizaci\u00f3n expresa.<\/p>\n<p>De igual forma, el Usuario tiene acceso en todo momento a su perfil privado pudiendo modificar, editar o eliminar la informaci\u00f3n proporcionada, as\u00ed como gestionar su baja directamente, o mediante solicitud dirigida a info@Clinicadentalmurtra.com.<\/p>\n<h3>Datos personales que recoge y gestiona el portal Clinicadentalmurtra.com<\/h3>\n<p>En el sitio web existe la posibilidad de suscribirse a sistemas de seguimiento autom\u00e1tico y Newsletter para recibir las novedades editadas de diferentes maneras:.<\/p>\n<ul>\n<li>Pop-ups de suscripci\u00f3n a contenidos: En Clinicadentalmurtra.com\u00a0existen pop-ups con formularios para activar la suscripci\u00f3n a nuestro Newsletter con informaci\u00f3n sobre los tratamientos, casos cl\u00ednicos y ofertas y promociones.<\/li>\n<\/ul>\n<ul>\n<li>Formulario de contacto: Tambi\u00e9n existe un formulario de contacto para consultas, sugerencias o contacto profesional. En este caso se requerir\u00e1 el nombre, apellido, n\u00famero de tel\u00e9fono y el correo electr\u00f3nico y se utilizar\u00e1 la direcci\u00f3n de correo electr\u00f3nico para responder a las mismas.<\/li>\n<\/ul>\n<ul>\n<li>Formulario de comentarios post: Tambi\u00e9n se recogen datos personales correspondientes a los comentarios relacionados con los post publicados. En este caso, se requiere un nombre y un correo electr\u00f3nico.<\/li>\n<\/ul>\n<p>Si utiliza filtros de spam, por favor, a\u00f1ada nuestro servicio de correo electr\u00f3nico a la direcci\u00f3n de su lista de remitentes permitidos.<\/p>\n<p>En todos los casos en donde nos remita sus datos a trav\u00e9s de algunos de los formularios de suscripci\u00f3n de la web, verificaremos su direcci\u00f3n de correo electr\u00f3nico a trav\u00e9s de un sistema de verificaci\u00f3n.<\/p>\n<p>Busque en la bandeja de entrada de su email. Recibir\u00e1 un mensaje enviado desde la direcci\u00f3n info@clinicadentalmurtra.com \u00a0con el asunto \u201c Confirma tu alta para recibir noticias\u201d Clinicadentalmurtra.com: Deber\u00e1 confirmar su suscripci\u00f3n para que podamos validar su direcci\u00f3n de correo electr\u00f3nico.<\/p>\n<p>Utilizaremos los datos facilitados para enviarle nuestra Newsletter y mantenerlo actualizado sobre novedades y ofertas puntuales, exclusivas para suscriptores. Clinicadentalmurtra.com no almacena las direcciones de correo que no hayan sido verificadas.<\/p>\n<p>Usted podr\u00e1 darse de baja en cualquier momento de los servicios prestados por Clinicadentalmurtra.com en la misma Newsletter o requerirlo mediante correo electr\u00f3nico a info@clinicadentalmurtra.com .<\/p>\n<p>Su informaci\u00f3n est\u00e1 protegida de acuerdo a nuestra pol\u00edtica de privacidad y t\u00e9rminos de servicio.<\/p>\n<p>Al activar una suscripci\u00f3n, usted comprende y acepta que:<\/p>\n<p>El usuario tiene seg\u00fan el art\u00edculo 5 d) de la Ley Org\u00e1nica de Protecci\u00f3n de Datos de Car\u00e1cter Personal derecho de acceso, rectificaci\u00f3n, cancelaci\u00f3n y oposici\u00f3n. Podr\u00e1 ejercer estos derechos enviando un correo electr\u00f3nico a Clinicadentalmurtra.com\u00a0 desde la misma direcci\u00f3n que us\u00f3 para el alta.<\/p>\n<p>En cada recepci\u00f3n de un correo electr\u00f3nico el usuario tendr\u00e1 la posibilidad de ejercer sus derechos de cancelaci\u00f3n y rectificaci\u00f3n pinchando los enlaces que encontrar\u00e1 al final del correo.<\/p>\n<h3>Uso y acceso de usuarios<\/h3>\n<p>El Usuario queda informado, y acepta, que el acceso a la presente web no supone, en modo alguno, el inicio de una relaci\u00f3n comercial con Clinicadentalmurtra.com.<\/p>\n<p>De esta forma, el usuario se compromete a utilizar el sitio Web, sus servicios y contenidos sin contravenir la legislaci\u00f3n vigente, la buena fe y el orden p\u00fablico. Queda prohibido el uso de la web con fines il\u00edcitos o lesivos, o que, de cualquier forma, puedan causar perjuicio o impedir el normal funcionamiento del sitio web. Respecto de los contenidos de este site, se proh\u00edbe:<\/p>\n<ul>\n<li>Su reproducci\u00f3n, distribuci\u00f3n o modificaci\u00f3n, total o parcial, a menos que se cuente con la autorizaci\u00f3n de sus leg\u00edtimos titulares;<\/li>\n<li>Cualquier vulneraci\u00f3n de los derechos del prestador o de los leg\u00edtimos titulares;<\/li>\n<li>Su utilizaci\u00f3n para fines comerciales o publicitarios.<\/li>\n<\/ul>\n<h3>Derechos de propiedad intelectual e industrial<\/h3>\n<p>Mediante estas Condiciones Generales no se cede ning\u00fan derecho de propiedad intelectual o industrial sobre el portal Clinicadentalmurtra.com\u00a0ni sobre ninguno de sus elementos integrantes, quedando expresamente prohibidos al Usuario la reproducci\u00f3n, transformaci\u00f3n, distribuci\u00f3n, comunicaci\u00f3n p\u00fablica, puesta a disposici\u00f3n del p\u00fablico, extracci\u00f3n, reutilizaci\u00f3n, reenv\u00edo o la utilizaci\u00f3n de cualquier naturaleza, por cualquier medio o procedimiento, de cualquiera de ellos, salvo en los casos en que est\u00e9 legalmente permitido o sea autorizado por el titular de los correspondientes derechos.<\/p>\n<p>El usuario conoce y acepta que la totalidad del sitio web, conteniendo sin car\u00e1cter exhaustivo el texto, software, contenidos (incluyendo estructura, selecci\u00f3n, ordenaci\u00f3n y presentaci\u00f3n de los mismos) fotograf\u00edas, material audiovisual y gr\u00e1ficos, est\u00e1 protegida por marcas, derechos de autor y otros derechos leg\u00edtimos registrados, de acuerdo con los tratados internacionales en los que Espa\u00f1a es parte y otros derechos de propiedad y leyes de Espa\u00f1a.<\/p>\n<h3>Enlaces<\/h3>\n<p>Las p\u00e1ginas del portal Clinicadentalmurtra.com\u00a0proporcionan enlaces a otros sitios web propios y contenidos que son propiedad de terceros como redes sociales para compartir contenidos. El \u00fanico objeto de los enlaces es proporcionar al Usuario la posibilidad de acceder a dichos enlaces, aunque Clinicadentalmurtra.com\u00a0no ofrece ni comercializa por s\u00ed ni por medio de terceros la informaci\u00f3n, contenidos y servicios disponibles en los sitios enlazados, ni aprueba, supervisa o controla en modo alguno los contenidos y servicios y cualquier material de cualquier naturaleza existente en los mismos.<\/p>\n<p>Clinicadentalmurtra.com no se responsabiliza en ning\u00fan caso de los resultados que puedan derivarse al Usuario por acceso a dichos enlaces.<\/p>\n<p>El Usuario que se proponga establecer cualquier dispositivo t\u00e9cnico de enlace desde su sitio web al el portal Clinicadentalmurtra.com\u00a0deber\u00e1 obtener la autorizaci\u00f3n previa y escrita de Clinicadentalmurtra.com\u00a0El establecimiento del enlace no implica en ning\u00fan caso la existencia de relaciones entre Clinicadentalmurtra.com\u00a0y el propietario del sitio en el que se establezca el enlace, ni la aceptaci\u00f3n o aprobaci\u00f3n por parte de Clinicadentalmurtra.com\u00a0de sus contenidos o servicios.<\/p>\n<h3>Exclusi\u00f3n de garant\u00edas y responsabilidad<\/h3>\n<p>Clinicadentalmurtra.com no otorga ninguna garant\u00eda ni se hace responsable, en ning\u00fan caso, de los da\u00f1os y perjuicios de cualquier naturaleza que pudieran traer causa de:<\/p>\n<ul>\n<li>la falta de disponibilidad, mantenimiento y efectivo funcionamiento de la web o de sus servicios y contenidos;<\/li>\n<li>la existencia de virus, programas maliciosos o lesivos en los contenidos;<\/li>\n<li>El uso il\u00edcito, negligente, fraudulento o contrario a este Aviso Legal;<\/li>\n<li>La falta de licitud, calidad, fiabilidad, utilidad y disponibilidad de los servicios prestados por terceros y puestos a disposici\u00f3n de los usuarios en el sitio web.<\/li>\n<\/ul>\n<p>El prestador no se hace responsable bajo ning\u00fan concepto de los da\u00f1os que pudieran dimanar del uso ilegal o indebido de la presente p\u00e1gina web.<\/p>\n<h3>Legislaci\u00f3n<\/h3>\n<p>Con car\u00e1cter general las relaciones entre Clinicadentalmurtra.com con los Usuarios de sus servicios telem\u00e1ticos, presentes en este sitio web, se encuentran sometidas a la legislaci\u00f3n y jurisdicci\u00f3n espa\u00f1olas.<\/p>\n<h3>Direcciones de contacto<\/h3>\n<p>En caso de que cualquier Usuario tuviese alguna duda acerca de estas Condiciones Generales o cualquier comentario sobre el \u00a0portal Clinicadentalmurtra.com, por favor dir\u00edjase a info@Clinicadentalmurtra.com.<\/p>\n<p>Esta pol\u00edtica ha sido actualizada el 08\/06\/2018.<\/p>","protected":false},"excerpt":{"rendered":"<p>Aviso Legal y condiciones de uso Esta web es un espacio seguro. Clinicadentalmurtra.com respeta la privacidad de sus usuarios y ha adecuado este portal a la Ley 34\/2002, de 11 de julio, de Servicios de la Sociedad de la informaci\u00f3n y de Comercio Electr\u00f3nico.(LSSI) Por este motivo le informamos que: Su denominaci\u00f3n social es Dental&hellip;<\/p>","protected":false},"author":1,"featured_media":0,"parent":0,"menu_order":0,"comment_status":"closed","ping_status":"closed","template":"","meta":{"_seopress_robots_primary_cat":"","_seopress_titles_title":"","_seopress_titles_desc":"","_seopress_robots_index":"","_monsterinsights_skip_tracking":false,"_monsterinsights_sitenote_active":false,"_monsterinsights_sitenote_note":"","_monsterinsights_sitenote_category":0,"footnotes":""},"class_list":["post-393","page","type-page","status-publish","hentry"],"_links":{"self":[{"href":"https:\/\/www.murtradental.com\/en\/wp-json\/wp\/v2\/pages\/393","targetHints":{"allow":["GET"]}}],"collection":[{"href":"https:\/\/www.murtradental.com\/en\/wp-json\/wp\/v2\/pages"}],"about":[{"href":"https:\/\/www.murtradental.com\/en\/wp-json\/wp\/v2\/types\/page"}],"author":[{"embeddable":true,"href":"https:\/\/www.murtradental.com\/en\/wp-json\/wp\/v2\/users\/1"}],"replies":[{"embeddable":true,"href":"https:\/\/www.murtradental.com\/en\/wp-json\/wp\/v2\/comments?post=393"}],"version-history":[{"count":0,"href":"https:\/\/www.murtradental.com\/en\/wp-json\/wp\/v2\/pages\/393\/revisions"}],"wp:attachment":[{"href":"https:\/\/www.murtradental.com\/en\/wp-json\/wp\/v2\/media?parent=393"}],"curies":[{"name":"wp","href":"https:\/\/api.w.org\/{rel}","templated":true}]}}