{"id":332,"date":"2018-02-21T09:56:59","date_gmt":"2018-02-21T09:56:59","guid":{"rendered":"https:\/\/www.clinicadentalmurtra.com\/?page_id=332"},"modified":"2025-12-09T11:02:05","modified_gmt":"2025-12-09T11:02:05","slug":"odontopediatria","status":"publish","type":"page","link":"https:\/\/www.murtradental.com\/en\/odontopediatria\/","title":{"rendered":"Pediatric Dentistry"},"content":{"rendered":"<img loading=\"lazy\" decoding=\"async\" src=\"https:\/\/www.murtradental.com\/wp-content\/uploads\/2020\/07\/Odontopediatria-150x150.png\" alt=\"Odontopediatria\" itemprop=\"image\" height=\"150\" width=\"150\" title=\"Odontopediatria\" onerror=\"this.style.display='none'\"  \/>\n<h3>\n\t\tPEDIATRIC DENTISTRY\n\t<\/h3>\n<h2>\n\t\tPediatric Dentistry\n\t<\/h2>\n\t<p class=\"translation-block\"><span style=\"font-size: 20px\"><span style=\"font-weight: 400\">At Murtra, we want to take care of the little ones in the house with a comprehensive approach, where the <\/span><b>pediatric dentist<\/b><span style=\"font-weight: 400\"> and <\/span><b>orthodontist<\/b><span style=\"font-weight: 400\"> evaluate each child's growth, habits, diet, and development, and, if their masticatory system requires it, help guide or correct dysfunctions in the simplest way, always keeping in mind preventive and restorative dentistry.<\/span><\/span><\/p>\n<h3>\n\t\tWhy don\u2019t we work with insurance companies?\n\t<\/h3>\n\t<p>A d\u00eda de hoy las mutuas solo cubren los tratamientos pero no la prevenci\u00f3n, y por tanto, nuestro enfoque integral preventivo no encaja en su oferta, pero&#8230; \u00bfno cre\u00e9is que es m\u00e1s barato invertir en una visita preventiva anual, que no en un empaste caro y molesto?<\/p>\n<p class=\"translation-block\"><span style=\"font-weight: 400\">That is why <\/span><span style=\"font-weight: 400\"><strong>our first visit costs \u20ac40, and annual check-ups \u20ac25<\/strong>.<\/span><\/p>\n<p class=\"translation-block\"><em>Call us to schedule an appointment at <a href=\"tel:932040893\" target=\"_self\">932040893<\/a> or <a href=\"tel:618369206\" target=\"_self\">618369206<\/a>.<\/em><\/p>\n<h3>\n\t\tWhy are baby teeth so important?\n\t<\/h3>\n\t<p>Baby teeth are important for your child because they contribute to three fundamental pillars: proper chewing and digestion, correct speech and language development, and last but not least, the ability to smile and be happy as a tool for self-esteem.<\/p>\n<p class=\"translation-block\"><span style=\"font-weight: 400\">From a <\/span><b>comprehensive preventive approach<\/b><span style=\"font-weight: 400\">, healthy baby teeth help us control the normal bone and muscle development of the maxilla and jaw, maintain space for permanent teeth, and guide them as they emerge so they are positioned correctly.<\/span><\/p>\n\t\t\t\t<img loading=\"lazy\" decoding=\"async\" src=\"https:\/\/www.murtradental.com\/wp-content\/uploads\/2021\/05\/IMG_6803-1024x768.jpg\" alt=\"IMG_6803\" itemprop=\"image\" height=\"768\" width=\"1024\" title=\"IMG_6803\" onerror=\"this.style.display='none'\"  \/>\n<h3>\n\t\tWhen should the first visit to the pediatric dentist or pediatric dentistry specialist be? \n\t<\/h3>\n\t<p class=\"translation-block\"><span style=\"font-weight: 400\">THE MOST RECOMMENDED TIME (at the latest) IS <\/span><b>BY ONE YEAR OF AGE<\/b><span style=\"font-weight: 400\">; the moment when the first baby teeth have already emerged and parents should learn about healthy eating habits, as well as be alert to indicators that may cause malocclusions (e.g., thumb sucking, prolonged use of bottle and\/or pacifier, disproportionate jaws or teeth, or biting cheeks or palate).<\/span><\/p>\n<h3>\n\t\tWhat to expect during their first visit\n\t<\/h3>\n\t<p>La primera visita al dentista debe ser agradable y positiva, y para ello es de vital importancia la colaboraci\u00f3n parental empezando desde casa. Es importante que los mayores eviten palabras como \u00abaguja\u00bb, \u00abtaladro\u00bb, \u00absacar\u00bb, \u00abdolor\u00bb delante de los ni\u00f1os. Se deben buscar sin\u00f3nimos que den el mismo mensaje pero que suenen placenteros, y as\u00ed se evitar\u00e1 la conocida ansiedad o fobia al dentista.<\/p>\n<p>Additionally, we emphasize that ideally, they should attend their first visit without any problems or pain, as the goal of the first visit is to make the child feel comfortable and earn their trust.\u00a0<\/p>\n<p>Once at the clinic, we always invite parents to enter and stay in the treatment room during the initial examination, but in future visits, we will suggest allowing our staff to accompany the child.<\/p>\n<p>La Dra. Diez hablar\u00e1 con ellos, d\u00e1ndoles tiempo a que se expresen y nos cuenten cuales son sus h\u00e1bitos de limpieza, sus meriendas, el chupete, el dedo&#8230; siempre buscando la participaci\u00f3n risue\u00f1a de los m\u00e1s peque\u00f1os, y que a su vez, los padres est\u00e9n presentes para que luego en casa sepan como fomentar el cuidado bucal diario de sus hijos (iniciando las rutinas desde el nacimiento), el tipo de dieta conveniente para evitar caries (buscar las meriendas mas saludables), entender la importancia de acudir a\u00a0 las revisiones personalizadas, pastas de dientes, fluorizaciones&#8230;<\/p>\n<p><img loading=\"lazy\" decoding=\"async\" src=\"https:\/\/www.murtradental.com\/wp-content\/uploads\/2021\/05\/P1010020-1024x768.jpg\" alt=\"\" width=\"1024\" height=\"768\" \/><\/p>\n<p class=\"translation-block\"><span style=\"font-weight: 400\">It is time to examine their teeth, gums, frenula, tonsils, and everything necessary to understand their development and detect harmful habits such as: atypical swallowing, thumb sucking, jaw deviations, mouth breathing\u2026 with the aim of correcting them early with the help of our <\/span><b>ORTHODONTIST<\/b><span style=\"font-weight: 400\">. For this reason, we emphasize the importance of annual joint check-ups; visiting our specialists each year will help address any problems that may arise.<\/span><\/p>\n<h3>\n\t\tX-rays in children?\n\t<\/h3>\n\t<p>Siempre que sea necesario se deben realizar radiograf\u00edas <b>diagn\u00f3sticas<\/b> para poder detectar patrones de erupci\u00f3n dental, agenesias, caries, caninos incluidos, y evaluar posiciones \u00f3seas para las planificaciones de ortodoncia&#8230; pero la necesidad de diagnosticar no se ri\u00f1e con la seguridad, y por ello en Murtra solo usamos rx-digital (emiten radiaci\u00f3n similar a la que absorbemos por el sol), cumplimos con todas las recomendaciones ALARA (As Low As Reasonable Achievable), y adem\u00e1s siempre usamos protectores de plomo.\u00a0<\/p>\n<p>And if necessary, we also have the most advanced 3D imaging technology.<\/p>\n\t\t\t\t<img loading=\"lazy\" decoding=\"async\" src=\"https:\/\/www.murtradental.com\/wp-content\/uploads\/2021\/05\/P1015903-1024x768.jpg\" alt=\"P1015903\" itemprop=\"image\" height=\"768\" width=\"1024\" title=\"P1015903\" onerror=\"this.style.display='none'\"  \/>\n<h3>\n\t\tWhen to see the pediatric dentist?\n\t<\/h3>\n\t\t\t\t<!-- Inline Block Space Fix\n\t\t\t\t\t\t\t\t\t\t\t\t\t\t\t\t\t\t\t\t\t\t\t\t-->\n\t\t\t\t\t\t\t\t\t<!-- Inline Block Space Fix\n\t\t\t\t\t\t\t\t\t\t\t\t\t\t\t\t--><!-- Inline Block Space Fix\n\t\t\t\t\t\t\t\t\t\t\t\t\t\t\t\t\t\t\t--><h3>During pregnancy<\/h3><!-- Inline Block Space Fix\n\t\t\t\t\t\t\t\t\t\t\t\t\t\t\t\t\t\t\t\t\t\t\t--><!-- Inline Block Space Fix\n\t\t\t\t\t\t\t\t\t\t-->\n                    <!-- Inline Block Space Fix\n\t\t\t\t-->\n\t\t\t\t<!-- Overlay for Style 1 -->\n\t\t\t<!-- END .front -->\n\t\t\t\t\t\t<p>The American Academy of Pediatric Dentistry (AAPD) recommends that all pregnant women receive a good oral check-up during pregnancy along with good advice on maternal and baby dental care. For this, our pediatric dentist will examine and advise you on how to learn to have good oral hygiene habits, learn to reduce the bacterial load with eating guidelines that require understanding hidden sugars, guidance on breastfeeding\/formula feeding, the correct use of the pacifier and bottle, etc.<\/p>\t\t\t\t\t\n\t\t\t\t<!-- Inline Block Space Fix\n\t\t\t\t\t\t\t\t\t\t\t\t\t\t\t\t\t\t\t\t\t\t\t\t-->\n\t\t\t\t\t\t\t\t\t<!-- Inline Block Space Fix\n\t\t\t\t\t\t\t\t\t\t\t\t\t\t\t\t--><!-- Inline Block Space Fix\n\t\t\t\t\t\t\t\t\t\t\t\t\t\t\t\t\t\t\t--><h3>In their first year of life<\/h3><!-- Inline Block Space Fix\n\t\t\t\t\t\t\t\t\t\t\t\t\t\t\t\t\t\t\t\t\t\t\t--><!-- Inline Block Space Fix\n\t\t\t\t\t\t\t\t\t\t-->\n                    <!-- Inline Block Space Fix\n\t\t\t\t-->\n\t\t\t\t<!-- Overlay for Style 1 -->\n\t\t\t<!-- END .front -->\n\t\t\t\t\t\t<p>En los beb\u00e9s de entre 6 a 12 meses, la salud dental es primordial debido a que nos encontramos con la erupci\u00f3n de su primer diente. Y CUANDO ESTO OCURRE, SE DEBE PEDIR HORA PARA LA PRIMERA VISITA (<a href=\"https:\/\/www.murtradental.com\/en\/contacto\/\"><i>Pide tu cita aqu\u00ed<\/i><\/a>). La finalidad de esta primera visita es realizar una primera exploraci\u00f3n de la cavidad oral para detectar frenillos cortos, anquilo glosias, aparici\u00f3n de c\u00e1ndidas, ense\u00f1ar la pauta de su nueva higiene oral, y detectar problemas de lactancia, chupete&#8230;<b>MAKE SURE THE FIRST VISIT IS NO LATER THAN THE FIRST YEAR OF LIFE!<\/b><\/p>\t\t\t\t\t\n\t\t\t\t<!-- Inline Block Space Fix\n\t\t\t\t\t\t\t\t\t\t\t\t\t\t\t\t\t\t\t\t\t\t\t\t-->\n\t\t\t\t\t\t\t\t\t<!-- Inline Block Space Fix\n\t\t\t\t\t\t\t\t\t\t\t\t\t\t\t\t--><!-- Inline Block Space Fix\n\t\t\t\t\t\t\t\t\t\t\t\t\t\t\t\t\t\t\t--><h3>Annual check-ups<\/h3><!-- Inline Block Space Fix\n\t\t\t\t\t\t\t\t\t\t\t\t\t\t\t\t\t\t\t\t\t\t\t--><!-- Inline Block Space Fix\n\t\t\t\t\t\t\t\t\t\t-->\n                    <!-- Inline Block Space Fix\n\t\t\t\t-->\n\t\t\t\t<!-- Overlay for Style 1 -->\n\t\t\t<!-- END .front -->\n\t\t\t\t\t\t<p>Starting from one year, annual check-ups that guide them during the different stages of their growth:\u00a0<\/p><ul><li class=\"translation-block\"><span style=\"font-weight: 400\">S<\/span><span style=\"font-weight: 400\">tarting with a temporary dentition (up to 6-8 years old) in which it is of vital importance to insist on teaching correct oral hygiene, observing and correcting problems due to digital sucking, excessive pacifiers, frenulum;<\/span><\/li><li class=\"translation-block\"><span style=\"font-weight: 400\">Passing through mixed dentition (from 8 to 12 years old), where we constantly have appearances of dental replacements, an essential stage where malocclusions (<\/span><a href=\"https:\/\/www.murtradental.com\/en\/ortodoncia\/\" target=\"_self\"><i><span style=\"font-weight: 400\">interceptive orthodontics<\/span><\/i><\/a><span style=\"font-weight: 400\">), bad habits can be detected, and therefore, it is of vital importance to have achieved very good communication between the child and the specialists at Cl\u00ednica Murtra, so we can guide and motivate them for the changes required in each case.<\/span><\/li><\/ul>\t\t\t\t\t\n<h3>\n\t\tCLINICAL CASES\n\t<\/h3>\n\t\t\t\t\t\t\t\t\t\t\t\t\t\t<a href=\"https:\/\/www.murtradental.com\/en\/una-pala-rota\/\" target=\"_self\" title=\"A broken shovel\">\n\t\t\t\t<img decoding=\"async\" src=\"https:\/\/www.murtradental.com\/wp-content\/uploads\/2018\/03\/maria-1-300x199.jpg\" alt=\"\" \/>\n\t\t\t\t<\/a>\n\t\t\t\t\t\t<h3>\n\t\t\t\t<a href=\"https:\/\/www.murtradental.com\/en\/una-pala-rota\/\" title=\"A broken shovel\" tabindex=\"0\">A broken shovel<\/a>\t\t\t<\/h3>\n\t\t\t\t\t\t\t\t\u00bfCu\u00e1ntas veces has visto a un ni\u00f1@ con la pala rota? Y si es tu hij@, s\u00famale la &#8230;\n\t\t\t\t\t<a href=\"https:\/\/www.murtradental.com\/en\/una-pala-rota\/\" title=\"Read More\" target=\"_self\">Seguir leyendo &#8594;<\/a>\t\t\n\t\t\t\t<img loading=\"lazy\" decoding=\"async\" src=\"https:\/\/www.murtradental.com\/wp-content\/uploads\/2021\/05\/IMG_6842-1024x768.jpg\" alt=\"IMG_6842\" itemprop=\"image\" height=\"768\" width=\"1024\" title=\"IMG_6842\" onerror=\"this.style.display='none'\"  \/>","protected":false},"excerpt":{"rendered":"<p>ODONTOPEDIATR\u00cdA Odontopediatr\u00eda En Murtra queremos cuidar de los m\u00e1s peque\u00f1os de la casa con un enfoque integral, donde odontopediatra y ortodoncista eval\u00faan el crecimiento de cada ni\u00f1o, sus h\u00e1bitos, su alimentaci\u00f3n, su desarrollo y, si su aparato masticatorio lo requiere, se les ayuda a guiar o corregir las disfunciones de la manera m\u00e1s sencilla, siempre&hellip;<\/p>","protected":false},"author":1,"featured_media":683,"parent":0,"menu_order":0,"comment_status":"closed","ping_status":"closed","template":"","meta":{"_seopress_robots_primary_cat":"","_seopress_titles_title":"%%title%% %%page%% %%sep%% %%sitename%% Barcelona","_seopress_titles_desc":"En Cl\u00ednica Dental Murtra encontrar\u00e1s al Dr. Pablo Laneuville, especializado en odontopediatr\u00eda. Con un trato respetuoso, paciencia y delicadeza, el...","_seopress_robots_index":"","_monsterinsights_skip_tracking":false,"_monsterinsights_sitenote_active":false,"_monsterinsights_sitenote_note":"","_monsterinsights_sitenote_category":0,"footnotes":""},"class_list":["post-332","page","type-page","status-publish","has-post-thumbnail","hentry"],"_links":{"self":[{"href":"https:\/\/www.murtradental.com\/en\/wp-json\/wp\/v2\/pages\/332","targetHints":{"allow":["GET"]}}],"collection":[{"href":"https:\/\/www.murtradental.com\/en\/wp-json\/wp\/v2\/pages"}],"about":[{"href":"https:\/\/www.murtradental.com\/en\/wp-json\/wp\/v2\/types\/page"}],"author":[{"embeddable":true,"href":"https:\/\/www.murtradental.com\/en\/wp-json\/wp\/v2\/users\/1"}],"replies":[{"embeddable":true,"href":"https:\/\/www.murtradental.com\/en\/wp-json\/wp\/v2\/comments?post=332"}],"version-history":[{"count":8,"href":"https:\/\/www.murtradental.com\/en\/wp-json\/wp\/v2\/pages\/332\/revisions"}],"predecessor-version":[{"id":1806,"href":"https:\/\/www.murtradental.com\/en\/wp-json\/wp\/v2\/pages\/332\/revisions\/1806"}],"wp:featuredmedia":[{"embeddable":true,"href":"https:\/\/www.murtradental.com\/en\/wp-json\/wp\/v2\/media\/683"}],"wp:attachment":[{"href":"https:\/\/www.murtradental.com\/en\/wp-json\/wp\/v2\/media?parent=332"}],"curies":[{"name":"wp","href":"https:\/\/api.w.org\/{rel}","templated":true}]}}