{"id":330,"date":"2018-02-21T09:56:43","date_gmt":"2018-02-21T09:56:43","guid":{"rendered":"https:\/\/www.clinicadentalmurtra.com\/?page_id=330"},"modified":"2025-12-11T11:35:30","modified_gmt":"2025-12-11T11:35:30","slug":"osteopatia","status":"publish","type":"page","link":"https:\/\/www.murtradental.com\/en\/osteopatia\/","title":{"rendered":"Osteopathy"},"content":{"rendered":"<img loading=\"lazy\" decoding=\"async\" src=\"https:\/\/www.murtradental.com\/wp-content\/uploads\/2020\/07\/Oclusion_ATM-150x150.png\" alt=\"Oclusion_ATM\" itemprop=\"image\" height=\"150\" width=\"150\" title=\"Oclusion_ATM\" onerror=\"this.style.display='none'\"  \/>\n<h3>\n\t\tOSTEOPATHY\n\t<\/h3>\n<h3>\n\t\tOsteopathy\n\t<\/h3>\n\t<p class=\"translation-block\"><span style=\"font-weight: 400\">The way the teeth come together (occlusion) is often understood as a set of static features that make the teeth fit, however, occlusion involves many other structures with high physiological complexity such as; the <a href=\"https:\/\/www.murtradental.com\/en\/oclusion-atm\" target=\"_self\">TMJ<\/a> (temporomandibular joint)<\/span><span style=\"font-weight: 400\">, the cervical vertebrae, the shoulder girdle, the pelvic girdle, etc.<\/span><\/p>\n<p class=\"translation-block\"><span style=\"font-weight: 400\"><strong>It is known that mandibular postural issues are reflected in the body\u2019s postural problems and, reciprocally, a postural problem is reflected in mandibular issues.<\/strong> Therefore, when our specialists work at the occlusal level, we do not forget the impact it may have on the patient\u2019s posturology, which is why we rely on the expertise of our osteopath.<\/span><\/p>\n<p><strong>We are fully aware that there is a strong link between our posture and our occlusion. A poor position of the jaw, or small asymmetries, causes abnormal contractions of certain muscles, leading to postural changes that may be accompanied by cervico-cranial problems due to compensatory adaptations.<\/strong><\/p>\n<p>The cranio-vertebral and cranio-mandibular unit is what concerns us most, as we always aim for parallelism between the bipupillary plane and the occlusal plane. However, when there are somatic dysfunctions anywhere in the body, biomechanical changes occur that lead to compensations and postural changes, which in turn cause alterations in soft tissues and the mandible. In these cases, our osteopath Enric Fernandez helps us correct these alterations. <\/p>\n<p>Osteopathy does not directly change the way a person bites, but it does help normalize the entire system that is directly or indirectly involved in the stomatognathic system. Our goal is to correct the various dysfunctions that cause restrictions in different parts of the body, and consequently, by improving posture, we will modify the cranio-mandibular position.<\/p>\n<p>Many times, professionals tend to focus on locating problems or pathologies and their treatments from a specific point, but thanks to osteopathy, at Cl\u00ednica Dental Murtra we aim for a more global approach that allows us to diagnose and treat patients as a whole.<\/p>\n<p>Remember that a postural alteration at the level of the shoulder girdle and cervical complex will affect the cranio-vertebral and cranio-mandibular position. Therefore, being able to help our patients at this level is essential for treating them in a comprehensive manner.<\/p>\n<h3>\n\t\tWarning Signs and Symptoms\n\t<\/h3>\n\t<p>It is important to recognize the signs and symptoms that may indicate a state of imbalance so that when working at the occlusal level, we are always improving your postural condition, and not the other way around.<\/p>\n<p>Among them, we find:<\/p>\n<ul>\n<li>Dental pain without apparent causes<\/li>\n<li>Muscle pain (myalgias)<\/li>\n<li>Joint noises<\/li>\n<li>Ringing in the ears<\/li>\n<li>Neck problems<\/li>\n<li>Headaches<\/li>\n<li>Localized tooth mobility<\/li>\n<li>Dental wear<\/li>\n<\/ul>\n<p class=\"translation-block\"><span style=\"font-weight: 400\">If any of these signs or symptoms concern you, <a href=\"https:\/\/www.murtradental.com\/en\/contacto\/\" target=\"_self\">consult our specialists<\/a>, as an early diagnosis makes treatment much easier.<\/span><\/p>","protected":false},"excerpt":{"rendered":"<p>OSTEOPAT\u00cdA Osteopat\u00eda La forma de cerrar los dientes (oclusi\u00f3n) est\u00e1 muchas veces entendida como una serie de caracter\u00edsticas est\u00e1ticas que hacen engranar los dientes, sin embargo, la oclusi\u00f3n involucra muchas otras estructuras de alta complejidad fisiol\u00f3gica como; el ATM (articulaci\u00f3n temporo mandibular), las cervicales, la cintura escapular, la cintura pelvica etc. Se sabe que la&hellip;<\/p>","protected":false},"author":1,"featured_media":735,"parent":0,"menu_order":0,"comment_status":"closed","ping_status":"closed","template":"","meta":{"_seopress_robots_primary_cat":"","_seopress_titles_title":"Tratamiento %%title%% %%page%% %%sep%% %%sitename%% Barcelona","_seopress_titles_desc":"OSTEOPAT\u00cdA La forma de cerrar los dientes (oclusi\u00f3n) est\u00e1 muchas veces entendida como una serie de caracter\u00edsticas est\u00e1ticas que hacen engranar...","_seopress_robots_index":"","_monsterinsights_skip_tracking":false,"_monsterinsights_sitenote_active":false,"_monsterinsights_sitenote_note":"","_monsterinsights_sitenote_category":0,"footnotes":""},"class_list":["post-330","page","type-page","status-publish","has-post-thumbnail","hentry"],"_links":{"self":[{"href":"https:\/\/www.murtradental.com\/en\/wp-json\/wp\/v2\/pages\/330","targetHints":{"allow":["GET"]}}],"collection":[{"href":"https:\/\/www.murtradental.com\/en\/wp-json\/wp\/v2\/pages"}],"about":[{"href":"https:\/\/www.murtradental.com\/en\/wp-json\/wp\/v2\/types\/page"}],"author":[{"embeddable":true,"href":"https:\/\/www.murtradental.com\/en\/wp-json\/wp\/v2\/users\/1"}],"replies":[{"embeddable":true,"href":"https:\/\/www.murtradental.com\/en\/wp-json\/wp\/v2\/comments?post=330"}],"version-history":[{"count":6,"href":"https:\/\/www.murtradental.com\/en\/wp-json\/wp\/v2\/pages\/330\/revisions"}],"predecessor-version":[{"id":1820,"href":"https:\/\/www.murtradental.com\/en\/wp-json\/wp\/v2\/pages\/330\/revisions\/1820"}],"wp:featuredmedia":[{"embeddable":true,"href":"https:\/\/www.murtradental.com\/en\/wp-json\/wp\/v2\/media\/735"}],"wp:attachment":[{"href":"https:\/\/www.murtradental.com\/en\/wp-json\/wp\/v2\/media?parent=330"}],"curies":[{"name":"wp","href":"https:\/\/api.w.org\/{rel}","templated":true}]}}