{"id":188,"date":"2017-06-13T11:36:56","date_gmt":"2017-06-13T11:36:56","guid":{"rendered":"https:\/\/www.clinicadentalmurtra.com\/?page_id=188"},"modified":"2025-12-09T11:03:34","modified_gmt":"2025-12-09T11:03:34","slug":"ortodoncia","status":"publish","type":"page","link":"https:\/\/www.murtradental.com\/en\/ortodoncia\/","title":{"rendered":"Orthodontics"},"content":{"rendered":"<img loading=\"lazy\" decoding=\"async\" src=\"https:\/\/www.murtradental.com\/wp-content\/uploads\/2020\/07\/Ortodoncia-150x150.png\" alt=\"Ortodoncia\" itemprop=\"image\" height=\"150\" width=\"150\" title=\"Orthodontics\" onerror=\"this.style.display='none'\"  \/>\n<h3>\n\t\tORTHODONTICS\n\t<\/h3>\n<h3>\n\t\tOrthodontics\n\t<\/h3>\n\t<p>Para ni\u00f1os y adultos que quieran cuidar su sonrisa desde un <b>enfoque integral<\/b>; no solo alinear los dientes, sino conseguir armonizar las necesidades <b>faciales, bucales y posturales<\/b> de cada paciente.\u00a0<\/p>\n<p class=\"translation-block\"><span style=\"font-weight: 400\">For this, at Cl\u00ednica Murtra we have a team of <\/span><b>pediatric dentist<\/b><span style=\"font-weight: 400\">, <\/span><b>orthodontist<\/b><span style=\"font-weight: 400\">, specialist in <\/span><b>odontoposturology<\/b><span style=\"font-weight: 400\">, <\/span><b>osteopath<\/b><span style=\"font-weight: 400\">\u2026 and a wide range of coordinated specialties (e.g., speech therapists) that allow us to offer the most advanced treatments, aiming to achieve proper dental, facial, and postural function and aesthetics, thereby promoting overall health thanks to good oral health.<\/span><\/p>\n<p class=\"translation-block\"><span style=\"font-weight: 400\">In the orthodontics area, we will address problems of dental and\/or jawbone misalignment, known as <\/span><b>malocclusions<\/b><span style=\"font-weight: 400\">, to be able to care for all our patients at the physical, bone, and muscular level.<\/span><\/p>\n<h3>\n\t\tTreatments with different appliances:\n\t<\/h3>\n\t<h3><b>Invisalign<\/b><\/h3>\n<p>It is the most advanced and revolutionary system in modern orthodontics, performed using aligners (transparent trays) instead of braces, thus offering orthodontic treatments that are virtually invisible, comfortable, and hygienic.\u00a0\u00a0<\/p>\n<p>Thanks to its 3D technology, the Murtra team studies and designs each case, even showing it to the patient before starting, and finally manufactures each aligner tailored to their teeth.\u00a0<\/p>\n\t<p>These aligners are worn all day and are replaced with the next set of aligners after being worn for 7 to 15 days. The patient removes them to eat and for proper oral hygiene. Therefore, it is an ideal therapeutic option for patients seeking aesthetics and comfort while maintaining excellent oral hygiene.<\/p>\n\t\t\t\t<img loading=\"lazy\" decoding=\"async\" src=\"https:\/\/www.murtradental.com\/wp-content\/uploads\/2021\/05\/Captura-de-pantalla-2021-05-21-a-las-11.45.25-300x100.png\" alt=\"Captura de pantalla 2021-05-21 a las 11.45.25\" itemprop=\"image\" height=\"100\" width=\"300\" title=\"Captura de pantalla 2021-05-21 a las 11.45.25\" onerror=\"this.style.display='none'\"  \/>\n\t<h3><b>Self-ligating Braces (Damon System)<\/b><\/h3>\n<p>They are a low-friction fixed orthodontic system where the brackets are bonded to the front surface of the teeth and connected by an archwire that moves the teeth into the correct position.\u00a0<\/p>\n<p class=\"translation-block\"><span style=\"font-weight: 400\">These brackets can be <\/span><b>metallic<\/b><span style=\"font-weight: 400\"> or ceramic, also called <\/span><b>aesthetic<\/b><span style=\"font-weight: 400\">. Ceramic brackets offer the advantage of being much less noticeable since they are a color very similar to the tooth.<\/span><\/p>\n<p>Con el uso los brackets es com\u00fan el uso de <b>el\u00e1sticos<\/b> en alg\u00fan momento puntual del tratamiento. Se trata de unas gomas que se colocan entre los dos maxilares y nos aportan una fuerza extra y necesaria para la correcci\u00f3n de diferentes tipos de malposiciones.\u00a0<\/p>\n<p><img loading=\"lazy\" decoding=\"async\" src=\"https:\/\/www.murtradental.com\/wp-content\/uploads\/2021\/05\/Brackets-1024x718.jpg\" alt=\"\" width=\"1024\" height=\"718\" \/><\/p>\n\t<h3><b>Lingual Braces<\/b><\/h3>\n<p>They are a fixed orthodontic system where the brackets are bonded to the inner surface of the teeth. Therefore, with the brackets and archwire positioned on the inside of the mouth, they provide excellent aesthetics for the patient.<\/p>\n<p><img loading=\"lazy\" decoding=\"async\" src=\"https:\/\/www.murtradental.com\/wp-content\/uploads\/2021\/05\/ortodoncia-lingual.jpg\" alt=\"\" width=\"900\" height=\"450\" \/><\/p>\n\t<h3><b>Interceptive Orthodontics and Orthopedics<\/b><\/h3>\n<p>This is orthodontics performed in children with generally primary or mixed dentition (some baby or temporary teeth and some permanent teeth) with the aim of treating malocclusion early and preventing its prognosis from worsening as the child grows. In most cases, carrying out this first phase of early orthodontics can correct the malocclusion, but if not, once the growth phase is complete, it is usually complemented with a second, much simpler and more specific treatment.\u00a0<\/p>\n<p>Existen diversos tipos de aparatos para el tratamiento temprano de las maloclusiones. Pueden ser fijos o removibles, necesitando elegir el m\u00e1s adecuado dependiendo de la maloclusi\u00f3n y de las caracter\u00edsticas del ni\u00f1o. Entre los diferentes aparatos encontraremos; <b>disyuntores, quad-helix, placas de expansi\u00f3n, twin-block<\/b>&#8230;<\/p>\n<p><img loading=\"lazy\" decoding=\"async\" src=\"https:\/\/www.murtradental.com\/wp-content\/uploads\/2021\/05\/Ortodoncia-interceptiva-y-ortopedia-Clinica-Murtra-1024x769.jpeg\" alt=\"\" width=\"1024\" height=\"769\" \/><\/p>\n\t<h3 class=\"translation-block\"><b>Pre-prosthetic Orthodontics in Adults with <\/b><b>Mini-implants<\/b><\/h3>\n<p class=\"translation-block\"><span style=\"font-weight: 400\">This is the orthodontics we perform when <\/span><span style=\"font-weight: 400\">the patient needs to modify the position or inclination of their teeth to place an implant or another type of dental prosthesis under the best biological conditions. This type of treatment is usually localized, and thanks to mini-implants, which are easily anchored in the bone near the area to be modified, dental positions can be corrected without having to move all the teeth in the arch to achieve the same result.<\/span><\/p>\n<p><img loading=\"lazy\" decoding=\"async\" src=\"https:\/\/www.murtradental.com\/wp-content\/uploads\/2021\/05\/MICROTORNILLOS-1-Murtra-1024x677.jpg\" alt=\"Microtornillos ortodoncia Cl\u00ednica Murtra\" width=\"1024\" height=\"677\" \/><\/p>\n\t<p><em>All therapeutic modalities require specific care, which we provide to our patients to ensure the treatment is successful.\u00a0<\/em><\/p>","protected":false},"excerpt":{"rendered":"<p>ORTODONCIA Ortodoncia Para ni\u00f1os y adultos que quieran cuidar su sonrisa desde un enfoque integral; no solo alinear los dientes, sino conseguir armonizar las necesidades faciales, bucales y posturales de cada paciente.\u00a0 Para ello, en Cl\u00ednica Murtra contamos con un equipo de odontopediatra, ortodoncista, especialista en odontoposturolog\u00eda, oste\u00f3pata&#8230; y un sinf\u00edn de especialidades coordinados (ej.&hellip;<\/p>","protected":false},"author":1,"featured_media":734,"parent":0,"menu_order":0,"comment_status":"closed","ping_status":"closed","template":"","meta":{"_seopress_robots_primary_cat":"","_seopress_titles_title":"Tratamiento %%title%% %%page%% %%sep%% %%sitename%% Barcelona","_seopress_titles_desc":"ORTODONCIA Para ni\u00f1os y adultos que quieran masticar y sonre\u00edr a gusto. Siempre realizando un estudio previo para ofrecerte la mejor opci\u00f3n y con","_seopress_robots_index":"","_monsterinsights_skip_tracking":false,"_monsterinsights_sitenote_active":false,"_monsterinsights_sitenote_note":"","_monsterinsights_sitenote_category":0,"footnotes":""},"class_list":["post-188","page","type-page","status-publish","has-post-thumbnail","hentry"],"_links":{"self":[{"href":"https:\/\/www.murtradental.com\/en\/wp-json\/wp\/v2\/pages\/188","targetHints":{"allow":["GET"]}}],"collection":[{"href":"https:\/\/www.murtradental.com\/en\/wp-json\/wp\/v2\/pages"}],"about":[{"href":"https:\/\/www.murtradental.com\/en\/wp-json\/wp\/v2\/types\/page"}],"author":[{"embeddable":true,"href":"https:\/\/www.murtradental.com\/en\/wp-json\/wp\/v2\/users\/1"}],"replies":[{"embeddable":true,"href":"https:\/\/www.murtradental.com\/en\/wp-json\/wp\/v2\/comments?post=188"}],"version-history":[{"count":5,"href":"https:\/\/www.murtradental.com\/en\/wp-json\/wp\/v2\/pages\/188\/revisions"}],"predecessor-version":[{"id":1807,"href":"https:\/\/www.murtradental.com\/en\/wp-json\/wp\/v2\/pages\/188\/revisions\/1807"}],"wp:featuredmedia":[{"embeddable":true,"href":"https:\/\/www.murtradental.com\/en\/wp-json\/wp\/v2\/media\/734"}],"wp:attachment":[{"href":"https:\/\/www.murtradental.com\/en\/wp-json\/wp\/v2\/media?parent=188"}],"curies":[{"name":"wp","href":"https:\/\/api.w.org\/{rel}","templated":true}]}}