{"id":178,"date":"2017-06-13T11:33:44","date_gmt":"2017-06-13T11:33:44","guid":{"rendered":"https:\/\/www.clinicadentalmurtra.com\/?page_id=178"},"modified":"2025-12-10T09:42:13","modified_gmt":"2025-12-10T09:42:13","slug":"conservadora","status":"publish","type":"page","link":"https:\/\/www.murtradental.com\/en\/conservadora\/","title":{"rendered":"Conservative Dentistry"},"content":{"rendered":"<img loading=\"lazy\" decoding=\"async\" src=\"https:\/\/www.murtradental.com\/wp-content\/uploads\/2020\/07\/Conservadora-150x150.png\" alt=\"Conservadora\" itemprop=\"image\" height=\"150\" width=\"150\" title=\"Conservative Dentistry\" onerror=\"this.style.display='none'\"  \/>\n<h3>\n\t\tCONSERVATIVE DENTISTRY\n\t<\/h3>\n<h3>\n\t\tConservative Dentistry\n\t<\/h3>\n\t<p class=\"translation-block\"><span style=\"font-weight: 400\"><strong>Conservative dentistry is the most biocompatible and minimally invasive dental specialty<\/strong>, developed to restore the structural part of the tooth that has been damaged or lost (due to trauma, wear, or cavities), through the use of the most advanced metal-free materials, ensuring an aesthetic, biomimetic, and functional result.<\/span><\/p>\n<p class=\"translation-block\"><span style=\"font-weight: 400\">Our goal at Cl\u00ednica Dental Murtra is to offer <strong>personalized check-up, hygiene, and maintenance plans<\/strong> so that, in a preventive way, we aim to reduce dental deterioration and diagnose all primary issues related to the mouth, teeth, and other associated structures (such as the temporomandibular joint).<\/span><\/p>\n<h3>\n\t\tWhat is tooth decay?\n\t<\/h3>\n\t<p class=\"translation-block\"><span style=\"font-weight: 400\"><strong>Tooth decay is a dental infection<\/strong> caused by the bacteria that reside in dental plaque, which are responsible for the acid attack that creates cavities in our teeth.<\/span><\/p>\n<p class=\"translation-block\"><span style=\"font-weight: 400\">At first, these cavities\/tooth decay do not present any symptoms, but as they get closer to the nerve, sensitivity to cold may appear, followed by sensitivity to heat, and eventually it develops into persistent pain, at which point a <a href=\"https:\/\/www.murtradental.com\/en\/endodoncia\/\" target=\"_self\">root canal treatment<\/a> will be necessary to eliminate the bacteria that have already settled in the root canals.<\/span><\/p>\n<h3>\n\t\tFrequent Treatments\n\t<\/h3>\n\t<p><strong>FISSURE AND PIT SEALING<\/strong><\/p>\n<p class=\"translation-block\">Cuando los surcos naturales de los dientes tienen una anatom\u00eda muy profunda y se observa gran acumulaci\u00f3n de placa, una manera de prevenir posibles futuras caries es, tras su limpieza, proceder a su sellado con material resinoso fluido.<\/p>\n<p>&nbsp;<\/p>\n<p><strong>FILLING OR RESTORATION<\/strong><\/p>\n<p class=\"translation-block\"><span style=\"font-weight: 400\">If the cavity <\/span><span style=\"font-weight: 400\">has not affected the pulp (the nerve), the most biocompatible and minimally invasive treatment of choice is a filling or restoration (terms used depending on the size of the area to be treated).<\/span><\/p>\n<p>After removing all decayed or damaged tissue, the cavity is prepared and disinfected, and finally the functional anatomy of the tooth is restored using composite\u2014a highly moldable resin capable of imitating the natural color of the remaining tooth\u2014thus completing the filling or restoration in a conservative, aesthetic, and functional way.<\/p>\n\t\t\t\t<img decoding=\"async\" src=\"https:\/\/www.clinicadentalmurtra.com\/wp-content\/uploads\/2018\/06\/conservadora-1a-300x200.jpg\" alt=\"conservadora 1a\" itemprop=\"image\" title=\"conservadora 1a\" onerror=\"this.style.display='none'\"  \/>\n\t\t\t\t<img decoding=\"async\" src=\"https:\/\/www.clinicadentalmurtra.com\/wp-content\/uploads\/2018\/06\/conservadora-2a-300x200.jpg\" alt=\"conservadora 2a\" itemprop=\"image\" title=\"conservadora 2a\" onerror=\"this.style.display='none'\"  \/>\n\t\t\t\t<img decoding=\"async\" src=\"https:\/\/www.clinicadentalmurtra.com\/wp-content\/uploads\/2018\/06\/conservadora-3a-300x200.jpg\" alt=\"conservadora 3a\" itemprop=\"image\" title=\"conservadora 3a\" onerror=\"this.style.display='none'\"  \/>\n\t<p><b>INLAYS, ONLAYS, OVERLAYS<\/b><\/p>\n<p class=\"translation-block\"><span style=\"font-weight: 400\">When the loss of dental tissue is too extensive for a filling to withstand chewing function, the most conservative way to restore what has been lost is a ceramic or reinforced composite inlay. If the damage is more extensive, the final alternative is a dental crown.<\/span><\/p>\n<p class=\"translation-block\"><span style=\"font-weight: 400\">After preparing the tooth, giving it a specific shape for the <\/span><b>inlay<\/b><span style=\"font-weight: 400\"> (if it only fills the internal part), <\/span><b>onlay<\/b><span style=\"font-weight: 400\"> (if it covers one or more cusps), or <\/span><b>overlay<\/b><span style=\"font-weight: 400\"> (if it covers all its cusps), an impression (mold) is taken, and at the next visit, it is cemented so that the tooth regains its anatomy, aesthetics, and chewing function\/strength in a more predictable and long-lasting way than a filling.<\/span><\/p>\n<p>&nbsp;<\/p>\n<p><b>CROWN, CAP OR BRIDGE<\/b><\/p>\n<p>When the amount of lost tooth structure is too great and there are no walls to support our restorations, the treatment of choice is a crown\/cap (if it is a single tooth) or a bridge (if it involves more than one tooth).<\/p>\n<p class=\"translation-block\"><span style=\"font-weight: 400\">In order to place the crown, the lost part of the tooth must first be rebuilt (as if it were a filling \u2013 <\/span><span style=\"font-weight: 400\">link to filling section<\/span><span style=\"font-weight: 400\"> \u2013 ), and then its perimeter is reduced so that, once the crown is placed in the mouth, it occupies exactly the same volume as the original tooth, while restoring both its aesthetics and chewing function.<\/span><\/p>\n<p class=\"translation-block\"><span style=\"font-weight: 400\">Whether it is a single tooth (crown) or multiple teeth (bridge), the procedure is the same: filing and reducing the tooth to create the necessary space for the materials that make up the fixed prosthesis. This sometimes necessitates performing a root canal (<\/span><span style=\"font-weight: 400\">link to endo<\/span><span style=\"font-weight: 400\">), since by reducing the height, the nerve may be exposed.<\/span><\/p>\n<p>Currently, there are different types of materials with which crowns can be made; from the more traditional (metal-ceramic) to the more aesthetic (lithium disilicate or zirconia). Everything will depend on the tooth that needs to be restored.<\/p>\n\t\t\t\t\t<a href=\"#\" id=\"fl-accordion--label-0\" tabindex=\"0\" aria-controls=\"fl-accordion--panel-0\">Advantages<\/a>\n\t\t\t\t\t\t\t\t\t\t\t<a href=\"#\" id=\"fl-accordion--icon-0\" tabindex=\"-1\"><i title=\"Collapse\">Collapse<\/i><\/a>\n\t\t\t\t\t<ul>\n<li>Classic technique that has been used for over 100 years, with extensive clinical experience.<\/li>\n<li>It allows restoring what has been lost and modifying shape, aligning, leveling, and correcting rotations (instead of correcting with orthodontics).<\/li>\n<li>It prevents neighboring teeth from tilting, maintains contact points, and preserves the bite plane, proper occlusion, and a healthy temporomandibular joint.<\/li>\n<li>High aesthetic quality.<\/li>\n<li>Una soluci\u00f3n fija que nos permite sonreir, hablar y masticar sin la necesidad de utilizar pegamentos etc&#8230;<\/li>\n<\/ul>\n\t\t\t\t\t<a href=\"#\" id=\"fl-accordion--label-1\" tabindex=\"0\" aria-controls=\"fl-accordion--panel-1\">Disadvantages<\/a>\n\t\t\t\t\t\t\t\t\t\t\t<a href=\"#\" id=\"fl-accordion--icon-1\" tabindex=\"-1\"><i title=\"Expand\">Expand<\/i><\/a>\n\t\t\t\t\t<ul>\n<li>It is mandatory to grind the adjacent teeth, weakening 2 teeth to substitute (in most cases) 1 single missing tooth.<\/li>\n<li>Sometimes it will be necessary to perform endodontics since the grinding forces the elimination of half the height of the tooth and that would expose the nerve.<\/li>\n<li>With the passing of time, the natural recession of the gums can cause the margins of the prosthesis to show, worsening aesthetics and encouraging food impaction. In these cases, changing the prosthesis may be mandatory.<\/li>\n<\/ul>\n<h3>\n\t\tYOUR DOCTORS\n\t<\/h3>\n\t<h4><img loading=\"lazy\" decoding=\"async\" src=\"https:\/\/www.clinicadentalmurtra.com\/wp-content\/uploads\/2018\/05\/Dra-Cristina-Murtra-Clinica-Dental-Murtra-2-300x200.jpg\" alt=\"\" width=\"300\" height=\"200\" \/><\/h4>\n<h3>Dr. Cristina Murtra<\/h3>\n<h4 class=\"translation-block\"><span style=\"font-size: 14px\"><span style=\"color: #5ecdca\">Degree in Dentistry, UIC 2008<\/span><br> <span style=\"color: #5ecdca\">PhD in Health Sciences, UIC 2014<\/span><br> <span style=\"color: #5ecdca\">Postgraduate in Dental Aesthetics, UB 2016<\/span><br> <\/span><\/h4>\n<h5>Medical Director specialized in: Aesthetics, Oral Rehabilitation, and Occlusion \/ TMJ<\/h5>\n<blockquote><p><em>Being aware that there is nothing better than giving and receiving smiles, I work hard every day gathering and studying proportions, patterns, and measurements in order to restore them when they have been lost.<\/em><\/p><\/blockquote>\n<p><a href=\"https:\/\/www.murtradental.com\/en\/contacto\/\">Book an appointment with Dr. Murtra<\/a><\/p>\n<h3>\n\t\tCLINICAL CASES\n\t<\/h3>\n\t\t\t\t\t\t\t\t\t\t\t\t\t\t<a href=\"https:\/\/www.murtradental.com\/en\/curso-de-estetica-dental-con-composites-dr-ronaldo-hirata\/\" target=\"_self\" title=\"Dental Aesthetics Course with Composites with Dr. Ronaldo Hirata\">\n\t\t\t\t<img decoding=\"async\" src=\"https:\/\/www.murtradental.com\/wp-content\/uploads\/2019\/04\/18606f81-316e-4f40-9dd0-6df1e7c5951d-300x192.jpg\" alt=\"Curso &quot;Est\u00e9tica Dental con Composites\" del dr. ronaldo hirata, considerado entre los tres mejores especialistas de la est\u00e9tica dental conservadora a nivel mundial.\" \/>\n\t\t\t\t<\/a>\n\t\t\t\t\t\t<h3>\n\t\t\t\t<a href=\"https:\/\/www.murtradental.com\/en\/curso-de-estetica-dental-con-composites-dr-ronaldo-hirata\/\" title=\"Dental Aesthetics Course with Composites with Dr. Ronaldo Hirata\" tabindex=\"0\">Dental Aesthetics Course with Composites with Dr. Ronaldo Hirata<\/a>\t\t\t<\/h3>\n\t\t\t\t\t\t\t\t&nbsp; Curso \u00abEst\u00e9tica Dental con Composites\u00bb del Dr. Ronaldo Hirata, considerado entre los tres mejores especialistas de la &#8230;\n\t\t\t\t\t<a href=\"https:\/\/www.murtradental.com\/en\/curso-de-estetica-dental-con-composites-dr-ronaldo-hirata\/\" title=\"Read More\" target=\"_self\">Seguir leyendo &#8594;<\/a>\t\t\n\t\t\t\t\t\t\t\t\t\t\t\t\t\t<a href=\"https:\/\/www.murtradental.com\/en\/todo-lo-que-debes-saber-sobre-las-caries-preguntas-frecuentes\/\" target=\"_self\" title=\"Everything you should know about cavities, frequently asked questions Edit\">\n\t\t\t\t<img decoding=\"async\" src=\"https:\/\/www.murtradental.com\/wp-content\/uploads\/2018\/06\/conservadora-1a-300x200.jpg\" alt=\"\" \/>\n\t\t\t\t<\/a>\n\t\t\t\t\t\t<h3>\n\t\t\t\t<a href=\"https:\/\/www.murtradental.com\/en\/todo-lo-que-debes-saber-sobre-las-caries-preguntas-frecuentes\/\" title=\"Everything you should know about cavities, frequently asked questions Edit\" tabindex=\"0\">Everything you should know about cavities, frequently asked questions Edit<\/a>\t\t\t<\/h3>\n\t\t\t\t\t\t\t\tCompartimos este art\u00edculo que el Dr. Jaime Murtra Ferr\u00e9, fundador de la Cl\u00ednica Dental Murtra, escribi\u00f3 y public\u00f3 &#8230;\n\t\t\t\t\t<a href=\"https:\/\/www.murtradental.com\/en\/todo-lo-que-debes-saber-sobre-las-caries-preguntas-frecuentes\/\" title=\"Read More\" target=\"_self\">Seguir leyendo &#8594;<\/a>","protected":false},"excerpt":{"rendered":"<p>ODONTOLOG\u00cdA CONSERVADORA Odontolog\u00eda conservadora La odontolog\u00eda conservadora es la especialidad odontol\u00f3gica m\u00e1s biocompatible y m\u00ednimamente invasiva, desarrollada para poder recuperar esa parte estructural del diente que se nos ha da\u00f1ado o perdido (por trauma, desgaste o caries), a trav\u00e9s de la utilizaci\u00f3n de los materiales m\u00e1s avanzados y libres de metal, que nos aseguran un&hellip;<\/p>","protected":false},"author":1,"featured_media":828,"parent":0,"menu_order":0,"comment_status":"closed","ping_status":"closed","template":"","meta":{"_seopress_robots_primary_cat":"","_seopress_titles_title":"Odontolog\u00eda conservadora %%sep%% %%sitename%% Barcelona","_seopress_titles_desc":"La odontolog\u00eda conservadora es la especialidad odontol\u00f3gica m\u00e1s biocompatible y m\u00ednimamente invasiva, desarrollada para poder recuperar esa parte estruct...","_seopress_robots_index":"","_monsterinsights_skip_tracking":false,"_monsterinsights_sitenote_active":false,"_monsterinsights_sitenote_note":"","_monsterinsights_sitenote_category":0,"footnotes":""},"class_list":["post-178","page","type-page","status-publish","has-post-thumbnail","hentry"],"_links":{"self":[{"href":"https:\/\/www.murtradental.com\/en\/wp-json\/wp\/v2\/pages\/178","targetHints":{"allow":["GET"]}}],"collection":[{"href":"https:\/\/www.murtradental.com\/en\/wp-json\/wp\/v2\/pages"}],"about":[{"href":"https:\/\/www.murtradental.com\/en\/wp-json\/wp\/v2\/types\/page"}],"author":[{"embeddable":true,"href":"https:\/\/www.murtradental.com\/en\/wp-json\/wp\/v2\/users\/1"}],"replies":[{"embeddable":true,"href":"https:\/\/www.murtradental.com\/en\/wp-json\/wp\/v2\/comments?post=178"}],"version-history":[{"count":9,"href":"https:\/\/www.murtradental.com\/en\/wp-json\/wp\/v2\/pages\/178\/revisions"}],"predecessor-version":[{"id":1802,"href":"https:\/\/www.murtradental.com\/en\/wp-json\/wp\/v2\/pages\/178\/revisions\/1802"}],"wp:featuredmedia":[{"embeddable":true,"href":"https:\/\/www.murtradental.com\/en\/wp-json\/wp\/v2\/media\/828"}],"wp:attachment":[{"href":"https:\/\/www.murtradental.com\/en\/wp-json\/wp\/v2\/media?parent=178"}],"curies":[{"name":"wp","href":"https:\/\/api.w.org\/{rel}","templated":true}]}}