{"id":176,"date":"2017-06-13T11:33:34","date_gmt":"2017-06-13T11:33:34","guid":{"rendered":"https:\/\/www.clinicadentalmurtra.com\/?page_id=176"},"modified":"2025-12-11T09:44:45","modified_gmt":"2025-12-11T09:44:45","slug":"tratamientos","status":"publish","type":"page","link":"https:\/\/www.murtradental.com\/en\/tratamientos\/","title":{"rendered":"Tratamientos"},"content":{"rendered":"<h1>\n\t\tOdontolog\u00eda integral &#038; salud bucal para toda la familia\n\t<\/h1>\n<h1>\n\t\tHow can we help you with your oral health?\n\t<\/h1>\n\t<p class=\"translation-block\"><span style=\"font-weight: 400\">We design your personalized comprehensive dental treatment after a complete first visit where the professionals count on the latest technological advances (intraoral camera, 3D x-rays \u2026); we meet and agree in a personalized manner, to be able to offer you the best oral health treatment plan, always under the motto: <strong>ethical, aesthetic and minimally invasive dentistry<\/strong>.<\/span><\/p>\n<a href=\"https:\/\/www.murtradental.com\/en\/conservadora\/\" target=\"_self\"  aria-label=\"Go to https:\/\/www.murtradental.com\/conservadora\/\">\n\t\t\t\t<img decoding=\"async\" src=\"https:\/\/www.murtradental.com\/wp-content\/uploads\/2020\/07\/Conservadora-150x150.png\" alt=\"Conservadora\" title=\"Conservative Dentistry\" itemprop=\"image\"\/>\n\t\t<h4>CONSERVATIVE<\/h4>\t\t\t\t\n\t\t\t\t\t<p>La odontolog\u00eda conservadora es la especialidad odontol\u00f3gica m\u00e1s biocompatible y m\u00ednimamente invasiva, desarrollada para&#8230;<\/p>\n<p><a href=\"https:\/\/www.murtradental.com\/en\/conservadora\/\">Read more<\/a><\/p>\n<\/a><a href=\"https:\/\/www.murtradental.com\/en\/estetica\/\" target=\"_self\"  aria-label=\"Go to https:\/\/www.murtradental.com\/estetica\/\">\n\t\t\t\t<img decoding=\"async\" src=\"https:\/\/www.murtradental.com\/wp-content\/uploads\/2020\/07\/Estetica-150x150.png\" alt=\"Estetica\" title=\"Estetica\" itemprop=\"image\"\/>\n\t\t<h4>AESTHETICS<\/h4>\t\t\t\t\n\t\t\t\t\t<p>La est\u00e9tica dental se esfuerza por imitar de forma armoniosa los dientes naturales para que as\u00ed se pueda lucir una sonrisa bonita, atractiva&#8230;<\/p>\n<p><a href=\"https:\/\/www.murtradental.com\/en\/estetica-dental\/\">Read more<\/a><\/p>\n<\/a><a href=\"https:\/\/www.murtradental.com\/en\/periodoncia\/\" target=\"_self\"  aria-label=\"Go to https:\/\/www.murtradental.com\/periodoncia\/\">\n\t\t\t\t<img decoding=\"async\" src=\"https:\/\/www.murtradental.com\/wp-content\/uploads\/2020\/07\/Periodoncia-150x150.png\" alt=\"Periodoncia\" title=\"Periodontics\" itemprop=\"image\"\/>\n\t\t<h4>PERIODONTICS<\/h4>\t\t\t\t\n\t\t\t\t\t<p>La periodoncia es una de las especialidades de la odontolog\u00eda que engloba y trata todas\u00a0aquellas patolog\u00edas que puedan afectar a&#8230;<\/p>\n<p><a href=\"https:\/\/www.murtradental.com\/en\/periodoncia\/\">Read more<\/a><\/p>\n<\/a><a href=\"https:\/\/www.murtradental.com\/en\/endodoncia\/\" target=\"_self\"  aria-label=\"Go to https:\/\/www.murtradental.com\/endodoncia\/\">\n\t\t\t\t<img decoding=\"async\" src=\"https:\/\/www.murtradental.com\/wp-content\/uploads\/2020\/07\/Endodoncia-150x150.png\" alt=\"Endodoncia\" title=\"Root Canal Treatment\" itemprop=\"image\"\/>\n\t\t<h4>ENDODONTICS<\/h4>\t\t\t\t\n\t\t\t\t\t<p>Con la intenci\u00f3n de poder darle una segunda oportunidad a tus dientes y aliviar los dolores agudos, la endodoncia juega un papel&#8230;\u00a0<\/p>\n<p><a href=\"https:\/\/www.murtradental.com\/en\/endodoncia\/\">Read more<\/a><\/p>\n<\/a><a href=\"https:\/\/www.murtradental.com\/en\/cirugia\/\" target=\"_self\"  aria-label=\"Go to https:\/\/www.murtradental.com\/cirugia\/\">\n\t\t\t\t<img decoding=\"async\" src=\"https:\/\/www.murtradental.com\/wp-content\/uploads\/2020\/07\/Cirugia-150x150.png\" alt=\"Cirugia\" title=\"Cirugia\" itemprop=\"image\"\/>\n\t\t<h4>SURGERY<\/h4>\t\t\t\t\n\t\t\t\t\t<p>La especialidad de cirug\u00eda oral abarca un gran n\u00famero de tratamientos que se pueden realizar en la cavidad bucal como: extracciones de&#8230;<\/p>\n<p><a href=\"https:\/\/www.murtradental.com\/en\/cirugia\/\">Read more<\/a><\/p>\n<\/a><a href=\"https:\/\/www.murtradental.com\/en\/implantoprotesis\/\" target=\"_self\"  aria-label=\"Go to https:\/\/www.murtradental.com\/implantoprotesis\/\">\n\t\t\t\t<img decoding=\"async\" src=\"https:\/\/www.murtradental.com\/wp-content\/uploads\/2020\/07\/Implantoprotesis-150x150.png\" alt=\"Implantoprotesis\" title=\"Implantoprotesis\" itemprop=\"image\"\/>\n\t\t<h4>IMPLANTOPROSTHESIS<\/h4>\t\t\t\t\n\t\t\t\t\t<p>La implantopr\u00f3tesis es una soluci\u00f3n segura, fiable y probada que sirve para sustituir de forma fija y natural tus dientes perdidos y recuperar&#8230;<\/p>\n<p><a href=\"https:\/\/www.murtradental.com\/en\/implantoprotesis\/\">Read more<\/a><\/p>\n<\/a><a href=\"https:\/\/www.murtradental.com\/en\/oclusion-atm\/\" target=\"_self\"  aria-label=\"Go to https:\/\/www.murtradental.com\/oclusion-atm\/\">\n\t\t\t\t<img decoding=\"async\" src=\"https:\/\/www.murtradental.com\/wp-content\/uploads\/2022\/09\/EsteticaFacial.png\" alt=\"Medicina est\u00e9tica Murtra Dental\" title=\"Medicina est\u00e9tica Murtra Dental\" itemprop=\"image\"\/>\n\t\t<h4>AESTHETIC MEDICINE<\/h4>\t\t\t\t\n\t\t\t\t\t<p>Contamos con una alta variedad de tratamientos que te ayudar\u00e1n a potenciar tu belleza y a cuidar de tu piel. Nuestro enfoque&#8230;<\/p>\n<p><a href=\"https:\/\/www.murtradental.com\/en\/medicina-estetica\/\">Read more<\/a><\/p>\n<\/a><a href=\"https:\/\/www.murtradental.com\/en\/oclusion-atm\/\" target=\"_self\"  aria-label=\"Go to https:\/\/www.murtradental.com\/oclusion-atm\/\">\n\t\t\t\t<img decoding=\"async\" src=\"https:\/\/www.murtradental.com\/wp-content\/uploads\/2020\/07\/Osteopatia-150x150.png\" alt=\"Osteopatia\" title=\"Osteopatia\" itemprop=\"image\"\/>\n\t\t<h4>OCLUSI\u00d3N &#038; ATM<\/h4>\t\t\t\t\n\t\t\t\t\t<p>La oclusi\u00f3n se refiere al encaje de los dientes, como engranan los dientes superiores con los inferiores. Cuando este encaje no es perfecto&#8230;<\/p>\n<p><a href=\"https:\/\/www.murtradental.com\/en\/oclusion-atm\/\">Read more<\/a><\/p>\n<\/a><a href=\"https:\/\/www.murtradental.com\/en\/odontopediatria\/\" target=\"_self\"  aria-label=\"Go to https:\/\/www.murtradental.com\/odontopediatria\/\">\n\t\t\t\t<img decoding=\"async\" src=\"https:\/\/www.murtradental.com\/wp-content\/uploads\/2020\/07\/Odontopediatria-150x150.png\" alt=\"Odontopediatria\" title=\"Odontopediatria\" itemprop=\"image\"\/>\n\t\t<h4>PEDIATRIC DENTISTRY<\/h4>\t\t\t\t\n\t\t\t\t\t<p>La odontopediatr\u00eda es el conjunto de tratamientos odontol\u00f3gicos que se realizan a los ni\u00f1os.\u00a0En nuestra clinica dental este medio&#8230;<\/p>\n<p><a href=\"..\/implantoprotesis-2\/\">Rea<\/a><a href=\"..\/implantoprotesis-2\/\">d<\/a><a href=\"https:\/\/www.murtradental.com\/en\/odontopediatria\/\">\u00a0more<\/a><\/p>\n<\/a><a href=\"https:\/\/www.murtradental.com\/en\/ortodoncia\/\" target=\"_self\"  aria-label=\"Go to https:\/\/www.murtradental.com\/ortodoncia\/\">\n\t\t\t\t<img decoding=\"async\" src=\"https:\/\/www.murtradental.com\/wp-content\/uploads\/2020\/07\/Ortodoncia-150x150.png\" alt=\"Ortodoncia\" title=\"Orthodontics\" itemprop=\"image\"\/>\n\t\t<h4>ORTHODONTICS<\/h4>\t\t\t\t\n\t\t\t\t\t<p>Para ni\u00f1os y adultos que quieran masticar y sonre\u00edr a gusto. Siempre realizando un estudio previo para ofrecerte la mejor opci\u00f3n y con los \u00faltimos&#8230;<\/p>\n<p><a href=\"https:\/\/www.murtradental.com\/en\/ortodoncia\/\">Read more<\/a><\/p>\n<\/a><a href=\"https:\/\/www.murtradental.com\/en\/osteopatia\/\" target=\"_self\"  aria-label=\"Go to https:\/\/www.murtradental.com\/osteopatia\/\">\n\t\t\t\t<img decoding=\"async\" src=\"https:\/\/www.murtradental.com\/wp-content\/uploads\/2020\/07\/Oclusion_ATM-150x150.png\" alt=\"Oclusion_ATM\" title=\"Oclusion_ATM\" itemprop=\"image\"\/>\n\t\t<h4>OSTEOPATHY<\/h4>\t\t\t\t\n\t\t\t\t\t<p>La forma de cerrar los dientes (oclusi\u00f3n) est\u00e1 muchas veces entendida como una serie de caracter\u00edsticas est\u00e1ticas que hacen engranar los dientes&#8230;<\/p>\n<p><a href=\"https:\/\/www.murtradental.com\/en\/osteopatia\/\">Read more<\/a><\/p>\n<\/a><h3>\n\t\tServices in The Clinic\n\t<\/h3>\n\t\t\t\t<img decoding=\"async\" src=\"https:\/\/www.clinicadentalmurtra.com\/wp-content\/uploads\/2017\/05\/RayosX-1024x682.jpg\" alt=\"RayosX\" itemprop=\"image\" title=\"RayosX\" onerror=\"this.style.display='none'\"  \/>\n<h4>\n\t\tRADIOLOGICAL\n\t<\/h4>\n\t\t\t\t<img decoding=\"async\" src=\"https:\/\/www.clinicadentalmurtra.com\/wp-content\/uploads\/2018\/05\/Anestesia-sedacion-dental-Barcelona-Clinica-Dental-Murtra-1024x661.jpg\" alt=\"Anestesia-sedacion-dental-Barcelona-Clinica-Dental-Murtra\" itemprop=\"image\" title=\"Anestesia-sedacion-dental-Barcelona-Clinica-Dental-Murtra\" onerror=\"this.style.display='none'\"  \/>\n<h4>\n\t\tANESTHESIA OR SEDATION\n\t<\/h4>\n\t\t\t\t<img decoding=\"async\" src=\"https:\/\/www.clinicadentalmurtra.com\/wp-content\/uploads\/2017\/05\/Cajo\u0301nPegatina-1024x682.jpg\" alt=\"Cajo\u0301nPegatina\" itemprop=\"image\" title=\"Cajo\u0301nPegatina\" onerror=\"this.style.display='none'\"  \/>\n<h4>\n\t\tDISEASE DETECTION\n\t<\/h4>\n\t\t\t\t<img decoding=\"async\" src=\"https:\/\/www.clinicadentalmurtra.com\/wp-content\/uploads\/2017\/05\/Herramientas1-1024x682.jpg\" alt=\"Herramientas1\" itemprop=\"image\" title=\"Herramientas1\" onerror=\"this.style.display='none'\"  \/>\n<h4>\n\t\tSMEAR OR BIOPSY\n\t<\/h4>\n\t\t\t\t<img decoding=\"async\" src=\"https:\/\/www.clinicadentalmurtra.com\/wp-content\/uploads\/2017\/05\/CrisPaciente5.jpg\" alt=\"Cris&amp;Paciente5\" itemprop=\"image\" title=\"Cris&amp;Paciente5\" onerror=\"this.style.display='none'\"  \/>\n<h4>\n\t\tSPECIAL PATIENTS\n\t<\/h4>\n\t\t\t<a href=\"https:\/\/www.murtradental.com\/en\/la-clinica\/\" target=\"_self\">\n\t\t\t\t\t\t\tMORE ABOUT THE CLINIC\n\t\t\t\t\t<\/a>","protected":false},"excerpt":{"rendered":"<p>Odontolog\u00eda integral &#038; salud bucal para toda la familia \u00bfC\u00f3mo te podemos ayudar con tu salud bucal? Dise\u00f1amos tu tratamiento dental integral personalizado tras una primera visita completa donde los profesionales cuentan con los \u00faltimos avances tecnol\u00f3gicos (c\u00e1mara intraoral, radiografias 3D &#8230;); nos reunimos y consensuamos de una manera personalizada, para poder ofrecerte el mejor&hellip;<\/p>","protected":false},"author":1,"featured_media":19,"parent":0,"menu_order":0,"comment_status":"closed","ping_status":"closed","template":"","meta":{"_seopress_robots_primary_cat":"","_seopress_titles_title":"Tratamientos dentales integrales %%sep%% Cl\u00ednica Dental Murtra Barcelona","_seopress_titles_desc":"En Cl\u00ednica Dental Murtra encontrar\u00e1s tratamientos dentales integrales: odontolog\u00eda conservadora, est\u00e9tica dental, odontopediatr\u00eda, ortodoncia, endodoncia...","_seopress_robots_index":"","_monsterinsights_skip_tracking":false,"_monsterinsights_sitenote_active":false,"_monsterinsights_sitenote_note":"","_monsterinsights_sitenote_category":0,"footnotes":""},"class_list":["post-176","page","type-page","status-publish","has-post-thumbnail","hentry"],"_links":{"self":[{"href":"https:\/\/www.murtradental.com\/en\/wp-json\/wp\/v2\/pages\/176","targetHints":{"allow":["GET"]}}],"collection":[{"href":"https:\/\/www.murtradental.com\/en\/wp-json\/wp\/v2\/pages"}],"about":[{"href":"https:\/\/www.murtradental.com\/en\/wp-json\/wp\/v2\/types\/page"}],"author":[{"embeddable":true,"href":"https:\/\/www.murtradental.com\/en\/wp-json\/wp\/v2\/users\/1"}],"replies":[{"embeddable":true,"href":"https:\/\/www.murtradental.com\/en\/wp-json\/wp\/v2\/comments?post=176"}],"version-history":[{"count":7,"href":"https:\/\/www.murtradental.com\/en\/wp-json\/wp\/v2\/pages\/176\/revisions"}],"predecessor-version":[{"id":1822,"href":"https:\/\/www.murtradental.com\/en\/wp-json\/wp\/v2\/pages\/176\/revisions\/1822"}],"wp:featuredmedia":[{"embeddable":true,"href":"https:\/\/www.murtradental.com\/en\/wp-json\/wp\/v2\/media\/19"}],"wp:attachment":[{"href":"https:\/\/www.murtradental.com\/en\/wp-json\/wp\/v2\/media?parent=176"}],"curies":[{"name":"wp","href":"https:\/\/api.w.org\/{rel}","templated":true}]}}