{"id":157,"date":"2017-06-13T11:29:38","date_gmt":"2017-06-13T11:29:38","guid":{"rendered":"https:\/\/www.clinicadentalmurtra.com\/?page_id=157"},"modified":"2025-09-26T07:24:44","modified_gmt":"2025-09-26T07:24:44","slug":"contacto","status":"publish","type":"page","link":"https:\/\/www.murtradental.com\/en\/contacto\/","title":{"rendered":"Contact"},"content":{"rendered":"\n<h1>\n\t\tContacto\n\t<\/h1>\n<h3>\n\t\tPIDE TU CITA HOY\n\t<\/h3>\n\t<div class=\"wpforms-container wpforms-container-full\" id=\"wpforms-49\"><form id=\"wpforms-form-49\" class=\"wpforms-validate wpforms-form\" data-formid=\"49\" method=\"post\" enctype=\"multipart\/form-data\" action=\"\/en\/wp-json\/wp\/v2\/pages\/157\" data-token=\"8373613cadd0f93158a88fc0e99c64cd\" data-token-time=\"1776223321\"><noscript class=\"wpforms-error-noscript\">Please enable JavaScript in your browser to complete this form.<\/noscript><div class=\"wpforms-field-container\"><div id=\"wpforms-49-field_0-container\" class=\"wpforms-field wpforms-field-name wpforms-one-half wpforms-first wpmobile-full\" data-field-id=\"0\"><label class=\"wpforms-field-label wpforms-label-hide\" for=\"wpforms-49-field_0\">Nombre <span class=\"wpforms-required-label\">*<\/span><\/label><input type=\"text\" id=\"wpforms-49-field_0\" class=\"wpforms-field-large wpforms-field-required\" name=\"wpforms[fields][0]\" placeholder=\"Nombre\" required><\/div><div id=\"wpforms-49-field_5-container\" class=\"wpforms-field wpforms-field-text wpforms-one-half wpmobile-full\" data-field-id=\"5\"><input type=\"text\" id=\"wpforms-49-field_5\" class=\"wpforms-field-large\" name=\"wpforms[fields][5]\" placeholder=\"Tu doctor\" ><\/div><div id=\"wpforms-49-field_1-container\" class=\"wpforms-field wpforms-field-email wpforms-one-half wpforms-first wpmobile-full\" data-field-id=\"1\"><label class=\"wpforms-field-label wpforms-label-hide\" for=\"wpforms-49-field_1\">E-mail <span class=\"wpforms-required-label\">*<\/span><\/label><input type=\"email\" id=\"wpforms-49-field_1\" class=\"wpforms-field-large wpforms-field-required\" name=\"wpforms[fields][1]\" placeholder=\"Email\" spellcheck=\"false\" required><\/div><div id=\"wpforms-49-field_4-container\" class=\"wpforms-field wpforms-field-phone wpforms-one-half wpmobile-full\" data-field-id=\"4\"><label class=\"wpforms-field-label wpforms-label-hide\" for=\"wpforms-49-field_4\">Tel\u00e9fono <span class=\"wpforms-required-label\">*<\/span><\/label><input type=\"tel\" id=\"wpforms-49-field_4\" class=\"wpforms-field-large wpforms-field-required\" data-rule-int-phone-field=\"true\" name=\"wpforms[fields][4]\" placeholder=\"N\u00famero de tel\u00e9fono\" aria-label=\"Tel\u00e9fono\" required><\/div><div id=\"wpforms-49-field_3-container\" class=\"wpforms-field wpforms-field-checkbox\" data-field-id=\"3\"><label class=\"wpforms-field-label wpforms-label-hide\">Pol\u00edtica de privacidad <span class=\"wpforms-required-label\">*<\/span><\/label><ul id=\"wpforms-49-field_3\" class=\"wpforms-field-required\"><li class=\"choice-1 depth-1\"><input type=\"checkbox\" id=\"wpforms-49-field_3_1\" name=\"wpforms[fields][3][]\" value=\"He le\u00eddo y acepto la &lt;a target=&quot;_blank&quot; href=&quot;https:\/\/www.murtradental.com\/politica-de-privacidad\/&quot;&gt;Pol\u00edtica de Privacidad&lt;\/a&gt;\" required ><label class=\"wpforms-field-label-inline\" for=\"wpforms-49-field_3_1\">He le\u00eddo y acepto la <a target=\"_blank\" href=\"https:\/\/www.murtradental.com\/politica-de-privacidad\/\">Pol\u00edtica de Privacidad<\/a><\/label><\/li><\/ul><div class=\"wpforms-field-description\">Cl\u00ednica Dental Murtra te informa que los datos de car\u00e1cter personal que proporciones rellenando este formulario de contacto ser\u00e1n tratados por Cl\u00ednica Dental Murtra como responsable de esta web. La finalidad de la recogida y tratamiento de los datos personales es para que nos podamos poner en contacto contigo como solicitas y cualquier otra informaci\u00f3n o recursos que solicites, as\u00ed como ofertas o promociones de nuestros servicios. La legitimaci\u00f3n es tu consentimiento como interesado. Tus datos se encuentran alojados en los servidores de nuestra plataforma de email marketing Mailchimp, ubicados en EEUU y acogidos al EU-US Privacy Shield. Ver <a href=\"https:\/\/mailchimp.com\/legal\/privacy\/\">Pol\u00edtica de Privacidad<\/a> de Mailchimp. El hecho de que no introduzcas los datos de car\u00e1cter personal que aparecen en el formulario como obligatorios podr\u00e1 tener como consecuencia que no podamos atender tu solicitud. Podr\u00e1s ejercer tus derechos de acceso, rectificaci\u00f3n, limitaci\u00f3n y suprimir los datos en info@clinicadentalmurtra.com, as\u00ed como el derecho a presentar una reclamaci\u00f3n ante una autoridad de control. Puedes consultar la informaci\u00f3n adicional y detallada sobre Protecci\u00f3n de Datos en mi <a href=\"https:\/\/www.murtradental.com\/politica-de-privacidad\/\">Pol\u00edtica de Privacidad<\/a>.<\/div><\/div><\/div><!-- .wpforms-field-container --><div class=\"wpforms-field wpforms-field-hp\"><label for=\"wpforms-49-field-hp\" class=\"wpforms-field-label\">Message<\/label><input type=\"text\" name=\"wpforms[hp]\" id=\"wpforms-49-field-hp\" class=\"wpforms-field-medium\"><\/div><div class=\"wpforms-submit-container\" ><input type=\"hidden\" name=\"wpforms[id]\" value=\"49\"><input type=\"hidden\" name=\"page_title\" value=\"\"><input type=\"hidden\" name=\"page_url\" value=\"https:\/\/www.murtradental.com\/en\/wp-json\/wp\/v2\/pages\/157\"><input type=\"hidden\" name=\"url_referer\" value=\"\"><button type=\"submit\" name=\"wpforms[submit]\" id=\"wpforms-submit-49\" class=\"wpforms-submit\" data-alt-text=\"Enviando...\" data-submit-text=\"Env\u00eda para que nos pongamos en contacto contigo\" aria-live=\"assertive\" value=\"wpforms-submit\">Env\u00eda para que nos pongamos en contacto contigo<\/button><\/div><\/form><\/div>  <!-- .wpforms-container -->\n<h3>\n\t\tNuestros valores\n\t<\/h3>\n\t\t<h3>Tratamientos integrales<\/h3><p>Disfruta de un \u00fanico sitio donde cuidar de tu salud bucal de forma integral, con un equipo de especialistas que coordinar\u00e1n tu caso para alcanzar el mejor resultado.<\/p>\n\t\t<h3>Tu salud es lo primero<\/h3><p>Desde siempre hemos entendido que tu salud es lo m\u00e1s importante, siendo los tratamientos lo menos invasivos posible para tu m\u00e1ximo bienestar.<\/p>\n\t\t<h3>Siempre disponibles<\/h3>La cl\u00ednica est\u00e1 a tu disposici\u00f3n las 24 horas para cualquier eventual emergencia llamando al<br \/>\n<a href=\"tel:+34618369206\">+34 618 369 206<\/a>\n\t\t<h3>Un equipo de primera<\/h3><p>Trabajamos con mucho amor y dedicaci\u00f3n, porque entendemos que lo m\u00e1s importante en la cl\u00ednica eres tu.<\/p>\n\t\t<h3>A la \u00faltima<\/h3><p>Somos un equipo de doctores y especialistas en constante formaci\u00f3n, para poder ofrecerte el mejor servicio y los \u00faltimos avances en salud bucal.<\/p>\n\t\t<h3>Los mejores materiales<\/h3><p>Utilizamos siempre materiales de m\u00e1xima calidad, porque con tu salud no se juega.<\/p>\n\t<iframe src=\"https:\/\/www.google.com\/maps\/embed\/v1\/place?q=Clinica+Dental+Murtra%2C+Carrer+de+Castellnou+2%2C+08017+Barcelona&#038;key=AIzaSyD09zQ9PNDNNy9TadMuzRV_UsPUoWKntt8\" aria-hidden=\"true\" title=\"Murtra Personalized Dentistry\"><\/iframe>\n\n","protected":false},"excerpt":{"rendered":"<p>Contacto PIDE TU CITA HOY Nuestros valores Tratamientos integrales Disfruta de un \u00fanico sitio donde cuidar de tu salud bucal de forma integral, con un equipo de especialistas que coordinar\u00e1n tu caso para alcanzar el mejor resultado. Tu salud es lo primero Desde siempre hemos entendido que tu salud es lo m\u00e1s importante, siendo los&hellip;<\/p>","protected":false},"author":1,"featured_media":31,"parent":0,"menu_order":0,"comment_status":"closed","ping_status":"closed","template":"","meta":{"_seopress_robots_primary_cat":"","_seopress_titles_title":"%%title%% Pide Cita %%page%% %%sep%% %%sitename%% Barcelona","_seopress_titles_desc":"Contacto PIDE CITA HOY PARA PREPARAR TU MEJOR SONRISA Odontolog\u00eda integral de la A a la Z CONTACTA CON NOSOTROS Lunes & Mi\u00e9rcoles de 9h-17h Martes & Jueves","_seopress_robots_index":"","_monsterinsights_skip_tracking":false,"_monsterinsights_sitenote_active":false,"_monsterinsights_sitenote_note":"","_monsterinsights_sitenote_category":0,"footnotes":""},"class_list":["post-157","page","type-page","status-publish","has-post-thumbnail","hentry"],"_links":{"self":[{"href":"https:\/\/www.murtradental.com\/en\/wp-json\/wp\/v2\/pages\/157","targetHints":{"allow":["GET"]}}],"collection":[{"href":"https:\/\/www.murtradental.com\/en\/wp-json\/wp\/v2\/pages"}],"about":[{"href":"https:\/\/www.murtradental.com\/en\/wp-json\/wp\/v2\/types\/page"}],"author":[{"embeddable":true,"href":"https:\/\/www.murtradental.com\/en\/wp-json\/wp\/v2\/users\/1"}],"replies":[{"embeddable":true,"href":"https:\/\/www.murtradental.com\/en\/wp-json\/wp\/v2\/comments?post=157"}],"version-history":[{"count":10,"href":"https:\/\/www.murtradental.com\/en\/wp-json\/wp\/v2\/pages\/157\/revisions"}],"predecessor-version":[{"id":1671,"href":"https:\/\/www.murtradental.com\/en\/wp-json\/wp\/v2\/pages\/157\/revisions\/1671"}],"wp:featuredmedia":[{"embeddable":true,"href":"https:\/\/www.murtradental.com\/en\/wp-json\/wp\/v2\/media\/31"}],"wp:attachment":[{"href":"https:\/\/www.murtradental.com\/en\/wp-json\/wp\/v2\/media?parent=157"}],"curies":[{"name":"wp","href":"https:\/\/api.w.org\/{rel}","templated":true}]}}