{"id":153,"date":"2017-06-13T11:29:12","date_gmt":"2017-06-13T11:29:12","guid":{"rendered":"https:\/\/www.clinicadentalmurtra.com\/?page_id=153"},"modified":"2025-12-11T11:40:24","modified_gmt":"2025-12-11T11:40:24","slug":"la-clinica","status":"publish","type":"page","link":"https:\/\/www.murtradental.com\/en\/la-clinica\/","title":{"rendered":"La Cl\u00ednica"},"content":{"rendered":"<img decoding=\"async\" loading='false' src=\"https:\/\/www.murtradental.com\/wp-content\/uploads\/2025\/12\/Murtra-Dental-sala-de-espera-005-1.jpg\" alt=\"\" \/>\t\t\t\n\t\t\t\t<h1>A cozy and familiar dental clinic<\/h1>\n\t\t\t<img decoding=\"async\" loading='false' src=\"https:\/\/www.murtradental.com\/wp-content\/uploads\/2020\/07\/Murtra-Dental-sala-de-espera-003-2048x1365.jpg\" alt=\"\" \/>\t\t\t\n\t\t\t\t<h1>A cozy and familiar dental clinic<\/h1>\n\t\t\t<img decoding=\"async\" loading='false' src=\"https:\/\/www.murtradental.com\/wp-content\/uploads\/2020\/07\/Murtra-Dental-oficina-y-recepci\u00f3n-029-2048x1365.jpg\" alt=\"\" \/>\t\t\t\n\t\t\t\t<h1>A cozy and familiar dental clinic<\/h1>\n\t\t\t\t<a href=\"#\" aria-label=\"previous\" role=\"button\">\n<\/a>\n\t\t\t\t<a href=\"#\" aria-label=\"next\" role=\"button\">\n<\/a>\n<h3>\n\t\tServices\n\t<\/h3>\n\t<p>Technology and specialists in a family-friendly environment to comprehensively take care of your dental health.<\/p>\n\t\t\t\t<img decoding=\"async\" src=\"https:\/\/www.clinicadentalmurtra.com\/wp-content\/uploads\/2017\/05\/RayosX-1024x682.jpg\" alt=\"RayosX\" itemprop=\"image\" title=\"RayosX\" onerror=\"this.style.display='none'\"  \/>\n<h3>\n\t\tRADIOLOGICAL\n\t<\/h3>\n\t<p>With our 3D dental scanner, we can accurately plan the most complex cases without the need to refer our patients to specialized radiology centers.<\/p>\n<p>Comfort, speed, and accuracy in a single visit.<\/p>\n\t\t\t\t<img decoding=\"async\" src=\"https:\/\/www.clinicadentalmurtra.com\/wp-content\/uploads\/2018\/05\/Cirugia-dental-Barcelona-Clinica-Dental-Murtra-e1526302999446-1024x427.jpg\" alt=\"Cirugia-dental-Barcelona-Clinica-Dental-Murtra\" itemprop=\"image\" title=\"Cirugia-dental-Barcelona-Clinica-Dental-Murtra\" onerror=\"this.style.display='none'\"  \/>\n<h3>\n\t\tANESTHESIA OR SEDATION\n\t<\/h3>\n\t<p>Our specialists will be able to indicate the type of anesthesia that is suitable for each specific case:<\/p>\n<ul>\n<li>una &#8216;sedaci\u00f3n consciente&#8217; que consiste en una relajaci\u00f3n con medicamentos por v\u00eda oral<\/li>\n<li>una &#8216;sedaci\u00f3n profunda&#8217; cuando la relajaci\u00f3n es seguida o mantenida por medicaci\u00f3n intravenosa<\/li>\n<li>una &#8216;anestesia general&#8217; monitorizada<\/li>\n<\/ul>\n<p>This way, we can work in our facilities (on an outpatient basis) without the need to move to a hospital setting.<\/p>\n\t\t\t\t<img decoding=\"async\" src=\"https:\/\/www.clinicadentalmurtra.com\/wp-content\/uploads\/2017\/05\/Cajo\u0301nPegatina-1024x682.jpg\" alt=\"Cajo\u0301nPegatina\" itemprop=\"image\" title=\"Cajo\u0301nPegatina\" onerror=\"this.style.display='none'\"  \/>\n<h3>\n\t\tDISEASE DETECTION\n\t<\/h3>\n\t<p>We collaborate with the Echevarne laboratory for the early detection of periodontal diseases. Through a painless collection of bacterial plaque in the clinic, we can:<\/p>\n<ul>\n<li>detect which pathogen is causing the disease and thus treat it with the specific antibiotic<\/li>\n<li>detect the genetic predisposition to developing periodontitis<\/li>\n<\/ul>\n<p>Those who suffer from the disease produce higher levels of Interleukin-1 (IL-1). If it is known in advance that their children have inherited this genetic variation, we can take appropriate preventive measures to keep plaque levels low and schedule check-ups according to the needs of each case.<\/p>\n\t\t\t\t<img decoding=\"async\" src=\"https:\/\/www.clinicadentalmurtra.com\/wp-content\/uploads\/2017\/05\/Herramientas1-1024x682.jpg\" alt=\"Herramientas1\" itemprop=\"image\" title=\"Herramientas1\" onerror=\"this.style.display='none'\"  \/>\n<h3>\n\t\tSMEAR OR BIOPSY\n\t<\/h3>\n\t<p class=\"translation-block\"><span style=\"font-weight: 400\">Through a smear (<\/span><span style=\"font-weight: 400\">when the sample is material suspended in saliva that is conveniently collected with a swab)<\/span><span style=\"font-weight: 400\"> or a biopsy (when a histological sample needs to be resected), in collaboration with General Lab, we can generate an early diagnosis of the wide range of oral pathologies or precancerous lesions in the clinic.<\/span><\/p>\n\t\t\t\t<img decoding=\"async\" src=\"https:\/\/www.clinicadentalmurtra.com\/wp-content\/uploads\/2017\/05\/CrisPaciente5.jpg\" alt=\"Cris&amp;Paciente5\" itemprop=\"image\" title=\"Cris&amp;Paciente5\" onerror=\"this.style.display='none'\"  \/>\n<h3>\n\t\tSPECIAL PATIENTS\n\t<\/h3>\n\t<p>We have experience treating patients with disabilities, whether intellectual or physical. If the case requires, we can treat patients under sedation to perform cleanings, gum treatments, extractions, and necessary conservative dentistry, prosthetics, and\/or implantology in a single session.<\/p>\n<h1>\n\t\tWe use eco-friendly and biodegradable products.\n\t<\/h1>\n\t<p>We aim to be responsible toward our patients and the planet.<\/p>\n\t\t\t\t<img decoding=\"async\" src=\"https:\/\/www.clinicadentalmurtra.com\/wp-content\/uploads\/2018\/11\/IMG-20181127-WA0004-1.jpg\" alt=\"IMG-20181127-WA0004\" itemprop=\"image\" title=\"IMG-20181127-WA0004\" onerror=\"this.style.display='none'\"  \/>\n<h3>\n\t\tYour comprehensive dental care team\n\t<\/h3>\n\t<p>At Cl\u00ednica Dental Murtra, our team consists of the best specialist dentists, stomatologists, hygienists, a physiotherapist and osteopath, and assistants. Our vision of comprehensive dentistry leads us to view and analyze each case based on the patient as a whole, in order to achieve effective and lasting results.<\/p>\n\t\t\t<a href=\"https:\/\/www.murtradental.com\/en\/equipo\/\" target=\"_self\">\n\t\t\t\t\t\t\tMEET THE TEAM\n\t\t\t\t\t<\/a>","protected":false},"excerpt":{"rendered":"<p>Una cl\u00ednica dental acogedora y familiar Una cl\u00ednica dental acogedora y familiar Una cl\u00ednica dental acogedora y familiar Servicios Tecnolog\u00eda y especialistas en un entorno familiar para cuidar de forma \u00edntegra tu salud dental. RADIOL\u00d3GICO Con nuestro escaner dental en 3D podemos planificar con exactitud los casos m\u00e1s complejos, sin la necesidad de derivar a&hellip;<\/p>","protected":false},"author":1,"featured_media":29,"parent":0,"menu_order":0,"comment_status":"closed","ping_status":"closed","template":"","meta":{"_seopress_robots_primary_cat":"","_seopress_titles_title":"%%title%% Dental %%page%% %%sep%% %%sitename%% Barcelona","_seopress_titles_desc":"En la Cl\u00ednica Dental Murtra encontrar\u00e1s al mejor equipo y servicios para tu salud dental. Nuestras instalaciones cuentan con tres gabinetes dentales...","_seopress_robots_index":"","_monsterinsights_skip_tracking":false,"_monsterinsights_sitenote_active":false,"_monsterinsights_sitenote_note":"","_monsterinsights_sitenote_category":0,"footnotes":""},"class_list":["post-153","page","type-page","status-publish","has-post-thumbnail","hentry"],"_links":{"self":[{"href":"https:\/\/www.murtradental.com\/en\/wp-json\/wp\/v2\/pages\/153","targetHints":{"allow":["GET"]}}],"collection":[{"href":"https:\/\/www.murtradental.com\/en\/wp-json\/wp\/v2\/pages"}],"about":[{"href":"https:\/\/www.murtradental.com\/en\/wp-json\/wp\/v2\/types\/page"}],"author":[{"embeddable":true,"href":"https:\/\/www.murtradental.com\/en\/wp-json\/wp\/v2\/users\/1"}],"replies":[{"embeddable":true,"href":"https:\/\/www.murtradental.com\/en\/wp-json\/wp\/v2\/comments?post=153"}],"version-history":[{"count":9,"href":"https:\/\/www.murtradental.com\/en\/wp-json\/wp\/v2\/pages\/153\/revisions"}],"predecessor-version":[{"id":1828,"href":"https:\/\/www.murtradental.com\/en\/wp-json\/wp\/v2\/pages\/153\/revisions\/1828"}],"wp:featuredmedia":[{"embeddable":true,"href":"https:\/\/www.murtradental.com\/en\/wp-json\/wp\/v2\/media\/29"}],"wp:attachment":[{"href":"https:\/\/www.murtradental.com\/en\/wp-json\/wp\/v2\/media?parent=153"}],"curies":[{"name":"wp","href":"https:\/\/api.w.org\/{rel}","templated":true}]}}