{"id":135,"date":"2017-06-13T11:25:45","date_gmt":"2017-06-13T11:25:45","guid":{"rendered":"https:\/\/www.clinicadentalmurtra.com\/?page_id=135"},"modified":"2025-12-10T09:33:27","modified_gmt":"2025-12-10T09:33:27","slug":"implantoprotesis","status":"publish","type":"page","link":"https:\/\/www.murtradental.com\/en\/implantoprotesis\/","title":{"rendered":"Implant-supported prosthesis"},"content":{"rendered":"<img loading=\"lazy\" decoding=\"async\" src=\"https:\/\/www.murtradental.com\/wp-content\/uploads\/2020\/07\/Implantoprotesis-150x150.png\" alt=\"Implantoprotesis\" itemprop=\"image\" height=\"150\" width=\"150\" title=\"Implantoprotesis\" onerror=\"this.style.display='none'\"  \/>\n<h3>\n\t\tIMPLANTOPROSTHESIS\n\t<\/h3>\n<h3>\n\t\tImplant-supported prosthesis\n\t<\/h3>\n\t<p><strong>Implant-supported prosthesis is a safe, reliable, and proven solution designed to permanently and naturally replace your missing teeth, restoring your quality of life by allowing you to smile and eat with confidence.<\/strong><\/p>\n<h3>\n\t\tWhat is a dental implant?\n\t<\/h3>\n\t<p>Un implante dental es una \u00abraiz\u00bb artificial que sustituye a la ra\u00edz del diente perdido. Normalmente tienen forma de tornillo y est\u00e1n fabricados con titanio; metal biocompatible que se integra con el hueso y que una extensa documentaci\u00f3n respaldan a\u00f1os de experiencia.<\/p>\n<h3>\n\t\tWhat alternative do I have if I don\u2019t want dental implants?\n\t<\/h3>\n\t<p class=\"translation-block\"><span style=\"font-weight: 400\">The traditional and alternative method for replacing 1 or 2 lost teeth is the partial <\/span><b>fixed<\/b><span style=\"font-weight: 400\"> prosthesis or traditional bridge<\/span><span style=\"font-weight: 400\">, but for this, it is necessary to have healthy adjacent teeth that can be prepared, providing the necessary space to securely hold the bridge that will fill in the missing tooth or teeth.<\/span><\/p>\n<p><span style=\"font-weight: 400\">This traditional method is a great fixed solution, although it does not stimulate the underlying bone, and therefore, in the long term, it causes bone loss and gum recession.<\/span><\/p>\n<p class=\"translation-block\"><span style=\"font-weight: 400\">In the case of not having adjacent teeth, the only alternative to implants is <b>removable<\/b> partial dentures.<\/span><\/p>\n<p>&nbsp;<\/p>\n<h3>\n\t\tWhat happens if I don\u2019t replace missing teeth?\n\t<\/h3>\n\t<p>Losing teeth has several consequences:<\/p>\n<ul>\n<li class=\"translation-block\"><strong>Bone atrophy<\/strong>: the bone where the tooth was located is resorbed;<\/li>\n<li class=\"translation-block\"><strong>Tooth movement<\/strong>: neighboring teeth shift into the empty space, tilting, disrupting occlusal function, altering aesthetics, and losing the necessary space for replacement;<\/li>\n<li class=\"translation-block\"><strong>Loss of contact point<\/strong>: as the teeth tilt, they no longer touch, leaving open spaces where food can get trapped, leading to cavities, etc.;<\/li>\n<li class=\"translation-block\"><strong>Overload of the remaining teeth<\/strong>: when teeth are missing, the ones that remain have to work harder, and in the long run, consequences are suffered;<\/li>\n<li class=\"translation-block\"><strong>Joint problems (TMJ)<\/strong>: the alteration of the dental position changes the joint position. It begins to function incorrectly, causing pain in the temporomandibular joint (TMJ) and creating cranio-mandibular dysfunction (CMD).<\/li>\n<\/ul>\n<h3>\n\t\tWhat does the procedure involve?\n\t<\/h3>\n\t<ol>\n<li class=\"translation-block\"><strong>Comprehensive examination<\/strong>: The team of experts at Cl\u00ednica Dental Murtra will always plan each case in advance using the most advanced 3D technology, in order to determine how many implants will be necessary, what dimensions and positions they should have in the mouth to optimally restore function and aesthetics.<\/li>\n<li class=\"translation-block\"><strong>Surgical placement of implants<\/strong>: In the dental office and under local anesthesia, the implants are strategically placed, and whenever possible, temporary teeth are placed so that you can continue to show a smile from day one.<\/li>\n<li><strong> Per\u00edodo de cicatrizaci\u00f3n\/integraci\u00f3n \u00f3sea<\/strong>: Tras el procedimiento quir\u00fargico, el hueso de alrededor de los implantes debe madurar y \u00abatrapar\u00bb al implante. \u00c9sta es una fase de espera que puede durar desde 2 hasta 6 meses (seg\u00fan la complejidad del caso), y por esta raz\u00f3n se intentan proveer de provisionales.<\/li>\n<li class=\"translation-block\"><strong>Abutment connection<\/strong>: Once the healing period has passed, it is necessary to place prosthetic abutments that allow us to connect the implant to the prosthesis, traversing the gum thickness in a personalized way.<\/li>\n<li class=\"translation-block\"><strong>Prosthetic rehabilitation<\/strong>: Just like with a traditional fixed prosthesis, appointments must be scheduled for taking impressions, fitting the framework, trying in the teeth, checking shape and color. Everything necessary so that, once the case is completed, both aesthetics and function are fully restored.<\/li>\n<\/ol>\n<p>At Cl\u00ednica Dental Murtra, we work with implants of the highest quality:<\/p>\n\t\t\t\t<img decoding=\"async\" src=\"https:\/\/www.clinicadentalmurtra.com\/wp-content\/uploads\/2018\/06\/Unknown.png\" alt=\"Unknown\" itemprop=\"image\" title=\"Unknown\" onerror=\"this.style.display='none'\"  \/>\n\t\t\t\t<img decoding=\"async\" src=\"https:\/\/www.clinicadentalmurtra.com\/wp-content\/uploads\/2018\/06\/Bioner-logo.jpeg\" alt=\"Bioner logo\" itemprop=\"image\" title=\"Bioner logo\" onerror=\"this.style.display='none'\"  \/>\n\t<p><b>Dentsply Sirona<\/b><\/p>\n<p><strong>Pioneering implant brand<\/strong>, supported by extensive scientific and clinical research demonstrating its effectiveness with impeccable high-end quality.<\/p>\n\t<p><strong>Bioner Implant Systems<\/strong><\/p>\n<p>Implant brand with 20 years of experience that has begun its international expansion and stands out for its quality at an affordable price.<\/p>\n\t\t\t\t<img loading=\"lazy\" decoding=\"async\" src=\"https:\/\/www.murtradental.com\/wp-content\/uploads\/2018\/06\/logo_bti_principal-300x219.jpg\" alt=\"logo_bti_principal\" itemprop=\"image\" height=\"219\" width=\"300\" title=\"logo_bti_principal\" onerror=\"this.style.display='none'\"  \/>\n\t<p><b>BTI Biotechnology Institute<\/b><\/p>\n<p>Design and manufacture of dental implants, prosthetic components, and surgical instruments, internationally recognized for their quality and versatility.<\/p>","protected":false},"excerpt":{"rendered":"<p>IMPLANTOPR\u00d3TESIS Implantopr\u00f3tesis La implantopr\u00f3tesis es una soluci\u00f3n segura, fiable y probada que sirve para sustituir de forma fija y natural tus dientes perdidos y recuperar calidad de vida gracias a que podr\u00e1s volver a sonreir y comer con seguridad. \u00bfQu\u00e9 es un implante dental? Un implante dental es una \u00abraiz\u00bb artificial que sustituye a la&hellip;<\/p>","protected":false},"author":1,"featured_media":573,"parent":0,"menu_order":0,"comment_status":"closed","ping_status":"closed","template":"","meta":{"_seopress_robots_primary_cat":"","_seopress_titles_title":"Implantes dentales %%sep%% Cl\u00ednica Dental Murtra Barcelona","_seopress_titles_desc":"IMPLANTOPR\u00d3TESIS La implantopr\u00f3tesis es una soluci\u00f3n segura, fiable y probada que sirve para sustituir de forma fija y natural tus dientes..","_seopress_robots_index":"","_monsterinsights_skip_tracking":false,"_monsterinsights_sitenote_active":false,"_monsterinsights_sitenote_note":"","_monsterinsights_sitenote_category":0,"footnotes":""},"class_list":["post-135","page","type-page","status-publish","has-post-thumbnail","hentry"],"_links":{"self":[{"href":"https:\/\/www.murtradental.com\/en\/wp-json\/wp\/v2\/pages\/135","targetHints":{"allow":["GET"]}}],"collection":[{"href":"https:\/\/www.murtradental.com\/en\/wp-json\/wp\/v2\/pages"}],"about":[{"href":"https:\/\/www.murtradental.com\/en\/wp-json\/wp\/v2\/types\/page"}],"author":[{"embeddable":true,"href":"https:\/\/www.murtradental.com\/en\/wp-json\/wp\/v2\/users\/1"}],"replies":[{"embeddable":true,"href":"https:\/\/www.murtradental.com\/en\/wp-json\/wp\/v2\/comments?post=135"}],"version-history":[{"count":6,"href":"https:\/\/www.murtradental.com\/en\/wp-json\/wp\/v2\/pages\/135\/revisions"}],"predecessor-version":[{"id":1821,"href":"https:\/\/www.murtradental.com\/en\/wp-json\/wp\/v2\/pages\/135\/revisions\/1821"}],"wp:featuredmedia":[{"embeddable":true,"href":"https:\/\/www.murtradental.com\/en\/wp-json\/wp\/v2\/media\/573"}],"wp:attachment":[{"href":"https:\/\/www.murtradental.com\/en\/wp-json\/wp\/v2\/media?parent=135"}],"curies":[{"name":"wp","href":"https:\/\/api.w.org\/{rel}","templated":true}]}}