{"id":131,"date":"2017-06-13T11:24:37","date_gmt":"2017-06-13T11:24:37","guid":{"rendered":"https:\/\/www.clinicadentalmurtra.com\/?page_id=131"},"modified":"2025-12-11T10:22:58","modified_gmt":"2025-12-11T10:22:58","slug":"endodoncia","status":"publish","type":"page","link":"https:\/\/www.murtradental.com\/en\/endodoncia\/","title":{"rendered":"Root Canal Treatment"},"content":{"rendered":"<img loading=\"lazy\" decoding=\"async\" src=\"https:\/\/www.murtradental.com\/wp-content\/uploads\/2020\/07\/Endodoncia-150x150.png\" alt=\"Endodoncia\" itemprop=\"image\" height=\"150\" width=\"150\" title=\"Root Canal Treatment\" onerror=\"this.style.display='none'\"  \/>\n<h3>\n\t\tENDODONTICS\n\t<\/h3>\n<h3>\n\t\tRoot Canal Treatment\n\t<\/h3>\n\t<p><strong>With the aim of giving your teeth a second chance and relieving acute pain, root canal treatment plays a very important role as it provides a conservative alternative (the possibility of keeping your tooth), with a success rate of around 97%, always under individual evaluation, and as part of a comprehensive or multidisciplinary treatment plan to achieve definitive success (final restoration, prosthesis, occlusal analysis, etc.).<\/strong><\/p>\n<h3>\n\t\tWhat does the treatment involve?\n\t<\/h3>\n\t<p>El tratamiento de conductos o endodoncia consiste, mediante diferentes t\u00e9cnicas manuales y\/o mec\u00e1nicas, eliminar el tejido pulpar (nervio) afectado, en una o varias sesiones indoloras. Luego lo desinfecta a trav\u00e9s de un meticuloso sistema de irrigaci\u00f3n, y posteriormente lo obtura\/rellena con un material biocompatible (gutapercha &#8211; material inerte obtenido del \u00e1rbol de mismo nombre), con el fin de sellar y evitar reinfecciones.<\/p>\n<p>In this way, the tooth, its aesthetics, and chewing function are preserved, without the need to extract the affected tooth.<\/p>\n\t\t\t\t\t<a href=\"#\" id=\"fl-accordion--label-0\" tabindex=\"0\" aria-controls=\"fl-accordion--panel-0\">Advantages<\/a>\n\t\t\t\t\t\t\t\t\t\t\t<a href=\"#\" id=\"fl-accordion--icon-0\" tabindex=\"-1\"><i title=\"Collapse\">Collapse<\/i><\/a>\n\t\t\t\t\t<ul>\n<li>You keep your teeth in your mouth.<\/li>\n<\/ul>\n\t\t\t\t\t<a href=\"#\" id=\"fl-accordion--label-1\" tabindex=\"0\" aria-controls=\"fl-accordion--panel-1\">Disadvantages<\/a>\n\t\t\t\t\t\t\t\t\t\t\t<a href=\"#\" id=\"fl-accordion--icon-1\" tabindex=\"-1\"><i title=\"Expand\">Expand<\/i><\/a>\n\t\t\t\t\t<ul>\n<li>By devitalizing a tooth, it dehydrates and becomes more fragile. For this reason, the placement of inlays or crowns\/caps is recommended.<\/li>\n<\/ul>\n<h3>\n\t\tWhat happens if I do NOT get a root canal treatment?\n\t<\/h3>\n\t<p>Cuando las bacterias ya han llegado al nervio, si no se limpia, \u00e9stas persisten en el interior del conducto y migran hasta infectar el hueso, generando hinchaz\u00f3n, abceso, f\u00edstula&#8230; si no se interviene, el \u00abquiste\u00bb crece y puede llegar a afectar a las ra\u00edces vecinas, provocando la p\u00e9rdida de todos los dientes afectados m\u00e1s el hueso que los rodeaba.<\/p>\n<h3>\n\t\tMost common causes\n\t<\/h3>\n\t<p class=\"translation-block\"><span style=\"font-weight: 400\">Most of the time, the main cause is <a href=\"https:\/\/www.murtradental.com\/en\/todo-lo-que-debes-saber-sobre-las-caries-preguntas-frecuentes\/\" target=\"_self\">tooth decay<\/a> not treated in time. This is followed by periodontal infections, trauma, and severe wear.<\/span><\/p>\n<p class=\"translation-block\"><span style=\"font-weight: 400\">A cavity diagnosed in time is treated with a simple <a href=\"https:\/\/www.murtradental.com\/en\/conservadora\/\" target=\"_self\">filling\/restoration<\/a><\/span><span style=\"font-weight: 400\">, but if the cavity progresses, bacteria colonize the nerve and then it can only be saved through a root canal treatment.<\/span><\/p>\n<p> For this reason, and since its early diagnosis and treatment are straightforward, our team works daily to create individualized prevention plans, check-up visits, and personalized monitoring and follow-up.<\/p>\n<h3>\n\t\tWhat are its symptoms?\n\t<\/h3>\n\t<p>The aforementioned lesions lead to pulp infection, causing intermittent or constant pain of varying intensity, which is usually accompanied by:<\/p>\n<ul>\n<li>Sensitivity to cold (initially) and to heat (in more advanced infections);<\/li>\n<li>Discomfort when chewing;<\/li>\n<li>Changes in tooth coloration (it darkens);<\/li>\n<li>Swelling and\/or fistulas.<\/li>\n<\/ul>","protected":false},"excerpt":{"rendered":"<p>ENDODONCIA Endodoncia Con la intenci\u00f3n de poder darle una segunda oportunidad a tus dientes y aliviar los dolores agudos, la endodoncia juega un papel muy importante ya que proporciona una alternativa conservadora (la posibilidad de mantener tu diente), con un porcentaje de \u00e9xito en torno al 97%, siempre bajo valoraci\u00f3n individual, y dentro de un&hellip;<\/p>","protected":false},"author":1,"featured_media":568,"parent":0,"menu_order":0,"comment_status":"closed","ping_status":"closed","template":"","meta":{"_seopress_robots_primary_cat":"","_seopress_titles_title":"Tratamiento %%title%% %%page%% %%sep%% %%sitename%% Barcelona","_seopress_titles_desc":"ENDODONCIA Con la intenci\u00f3n de poder darle una segunda oportunidad a tus dientes y aliviar los dolores agudos, la endodoncia juega un papel muy importante..","_seopress_robots_index":"","_monsterinsights_skip_tracking":false,"_monsterinsights_sitenote_active":false,"_monsterinsights_sitenote_note":"","_monsterinsights_sitenote_category":0,"footnotes":""},"class_list":["post-131","page","type-page","status-publish","has-post-thumbnail","hentry"],"_links":{"self":[{"href":"https:\/\/www.murtradental.com\/en\/wp-json\/wp\/v2\/pages\/131","targetHints":{"allow":["GET"]}}],"collection":[{"href":"https:\/\/www.murtradental.com\/en\/wp-json\/wp\/v2\/pages"}],"about":[{"href":"https:\/\/www.murtradental.com\/en\/wp-json\/wp\/v2\/types\/page"}],"author":[{"embeddable":true,"href":"https:\/\/www.murtradental.com\/en\/wp-json\/wp\/v2\/users\/1"}],"replies":[{"embeddable":true,"href":"https:\/\/www.murtradental.com\/en\/wp-json\/wp\/v2\/comments?post=131"}],"version-history":[{"count":6,"href":"https:\/\/www.murtradental.com\/en\/wp-json\/wp\/v2\/pages\/131\/revisions"}],"predecessor-version":[{"id":1824,"href":"https:\/\/www.murtradental.com\/en\/wp-json\/wp\/v2\/pages\/131\/revisions\/1824"}],"wp:featuredmedia":[{"embeddable":true,"href":"https:\/\/www.murtradental.com\/en\/wp-json\/wp\/v2\/media\/568"}],"wp:attachment":[{"href":"https:\/\/www.murtradental.com\/en\/wp-json\/wp\/v2\/media?parent=131"}],"curies":[{"name":"wp","href":"https:\/\/api.w.org\/{rel}","templated":true}]}}